{"id":4007,"date":"2021-09-07T16:30:14","date_gmt":"2021-09-07T16:30:14","guid":{"rendered":"https:\/\/lavialacteabcn.com\/politica-privacidad\/"},"modified":"2021-09-07T16:30:14","modified_gmt":"2021-09-07T16:30:14","slug":"politica-privacidad","status":"publish","type":"page","link":"https:\/\/lavialacteabcn.com\/en\/politica-privacidad\/","title":{"rendered":"Pol\u00edtica de privacidad"},"content":{"rendered":"<p>1. THE MOST FORWARD POSITION S.L (en adelante, \u201cLA V\u00cdA L\u00c1CTEA\u201d), informa a los usuarios que respeta la legislaci\u00f3n vigente en materia de protecci\u00f3n de datos personales, la privacidad de los usuarios y el secreto y seguridad de los datos, adoptando para ello las medidas t\u00e9cnicas y organizativas necesarias para evitar la p\u00e9rdida, mal uso, alteraci\u00f3n, acceso no autorizado y robo de los datos personales facilitados, habida cuenta del estado de la tecnolog\u00eda, la naturaleza de los datos y los riesgos a los que est\u00e1n expuestos.<\/p>\n<p>2. Los servicios, acceso a los contenidos y oferta de productos de esta web est\u00e1n\u00a0<strong>exclusivamente dirigidos a mayores de 18 a\u00f1os<\/strong>, por lo que, cualquier persona que entregue sus datos personales, manifiesta tener dicha edad, quedando prohibido el uso de <a href=\"https:\/\/lavialacteabcn.com\/en\/\">https:\/\/lavialacteabcn.com<\/a> y la entrega de datos personales a personas menores de edad.<\/p>\n<p>Si el usuario es menor de edad y por tanto no puede adquirir los servicios de <a href=\"https:\/\/lavialacteabcn.com\/en\/\">https:\/\/lavialacteabcn.com<\/a>, no puede facilitar ning\u00fan dato personal en el sitio web.<\/p>\n<p>En caso de que, LA V\u00cdA L\u00c1CTEA crea o tenga conocimiento de que alg\u00fan menor de edad ha proporcionado datos de car\u00e1cter personal, habiendo falseado los requerimientos previos, proceder\u00e1 a la inmediata eliminaci\u00f3n de esos datos personales de sus ficheros. No obstante, los padres o tutores podr\u00e1n, en cualquier caso, dirigirse a LA V\u00cdA L\u00c1CTEA para bloquear la cuenta de acceso de los menores a su cargo que se hubieran registrado falseando su identidad.<\/p>\n<p>3. LA V\u00cdA L\u00c1CTEA tratar\u00e1 los datos de conformidad con los principios de calidad exigidos por la Ley Org\u00e1nica 15\/1999, de 13 de diciembre de Protecci\u00f3n de Datos (LOPD), de forma confidencial y con las medidas de seguridad exigidas por el Real Decreto 1720\/2007, de 21 de diciembre, por el que se aprueba el Reglamento de desarrollo de la Ley Org\u00e1nica 15\/1999, de 13 de diciembre, de protecci\u00f3n de datos de car\u00e1cter personal (RLOPD).<\/p>\n<p>4. Los datos de car\u00e1cter personal que se faciliten en la Web, quedar\u00e1n registrados en un fichero titularidad de LA V\u00cdA L\u00c1CTEA debidamente declarado e inscrito en el Registro General de Protecci\u00f3n de Datos, con la finalidad de enviar por cualquier medio, incluido el correo electr\u00f3nico, ofertas de productos y servicios de nuestra empresa, el Newsletter, mejorar la relaci\u00f3n comercial y gestionar las peticiones realizadas por nuestros clientes.<\/p>\n<p>5. El simple hecho de que el Usuario env\u00ede sus datos personales a LA V\u00cdA L\u00c1CTEA supondr\u00e1 el consentimiento del Usuario para su incorporaci\u00f3n al fichero y su correspondiente tratamiento.<\/p>\n<p>6. El Usuario podr\u00e1 revocar el consentimiento prestado, sin que tenga efectos retroactivos, y ejercer los derechos de acceso, rectificaci\u00f3n, cancelaci\u00f3n y oposici\u00f3n dirigi\u00e9ndose mediante carta adjuntando fotocopia de su DNI u otro documento identificativo a THE MOST FORWARD POSITION S.L con direcci\u00f3n: Viladomat, 173, 08015, Barcelona.<\/p>\n<p>7. El Usuario garantiza que los datos personales facilitados a LA V\u00cdA L\u00c1CTEA son veraces y se hace responsable de comunicar cualquier modificaci\u00f3n de los mismos para que, en todo momento respondan a su situaci\u00f3n actual.<\/p>\n<p>8. Si tiene cualquier duda o comentario sobre la forma en que LA V\u00cdA L\u00c1CTEA utiliza los datos de sus usuarios, escr\u00edbanos a <a href=\"mailto:lavialactea185@hotmail.com\">lavialactea185@hotmail.com<\/a>.<\/p>\n","protected":false},"excerpt":{"rendered":"<p>1. THE MOST FORWARD POSITION S.L (en adelante, \u201cLA V\u00cdA L\u00c1CTEA\u201d), informa a los usuarios que respeta la legislaci\u00f3n vigente en materia de protecci\u00f3n de datos personales, la privacidad de los usuarios y el secreto y seguridad de los datos, adoptando para ello las medidas t\u00e9cnicas y organizativas necesarias para evitar la p\u00e9rdida, mal uso, [&hellip;]<\/p>\n","protected":false},"author":4,"featured_media":0,"parent":0,"menu_order":0,"comment_status":"closed","ping_status":"open","template":"","meta":{"_acf_changed":false,"footnotes":""},"class_list":["post-4007","page","type-page","status-publish","hentry"],"acf":[],"yoast_head":"<!-- This site is optimized with the Yoast SEO plugin v24.0 - https:\/\/yoast.com\/wordpress\/plugins\/seo\/ -->\n<title>Pol\u00edtica de privacidad - TRAVESTIS BARCELONA - LA V\u00cdA L\u00c1CTEA<\/title>\n<meta name=\"description\" content=\"1. THE MOST FORWARD POSITION S.L (en adelante, \u201cLA V\u00cdA L\u00c1CTEA\u201d), informa a los usuarios que respeta la legislaci\u00f3n vigente en materia de protecci\u00f3n de\" \/>\n<meta name=\"robots\" content=\"index, follow, max-snippet:-1, max-image-preview:large, max-video-preview:-1\" \/>\n<link rel=\"canonical\" href=\"https:\/\/lavialacteabcn.com\/en\/politica-privacidad\/\" \/>\n<meta property=\"og:locale\" content=\"en_US\" \/>\n<meta property=\"og:type\" content=\"article\" \/>\n<meta property=\"og:title\" content=\"Pol\u00edtica de privacidad - TRAVESTIS BARCELONA - LA V\u00cdA L\u00c1CTEA\" \/>\n<meta property=\"og:description\" content=\"1. THE MOST FORWARD POSITION S.L (en adelante, \u201cLA V\u00cdA L\u00c1CTEA\u201d), informa a los usuarios que respeta la legislaci\u00f3n vigente en materia de protecci\u00f3n de\" \/>\n<meta property=\"og:url\" content=\"https:\/\/lavialacteabcn.com\/en\/politica-privacidad\/\" \/>\n<meta property=\"og:site_name\" content=\"TRAVESTIS BARCELONA - LA V\u00cdA L\u00c1CTEA\" \/>\n<meta name=\"twitter:card\" content=\"summary_large_image\" \/>\n<meta name=\"twitter:label1\" content=\"Est. reading time\" \/>\n\t<meta name=\"twitter:data1\" content=\"3 minutes\" \/>\n<script type=\"application\/ld+json\" class=\"yoast-schema-graph\">{\"@context\":\"https:\/\/schema.org\",\"@graph\":[{\"@type\":\"WebPage\",\"@id\":\"https:\/\/lavialacteabcn.com\/en\/politica-privacidad\/\",\"url\":\"https:\/\/lavialacteabcn.com\/en\/politica-privacidad\/\",\"name\":\"Pol\u00edtica de privacidad - TRAVESTIS BARCELONA - LA V\u00cdA L\u00c1CTEA\",\"isPartOf\":{\"@id\":\"https:\/\/lavialacteabcn.com\/#website\"},\"datePublished\":\"2021-09-07T16:30:14+00:00\",\"dateModified\":\"2021-09-07T16:30:14+00:00\",\"description\":\"1. THE MOST FORWARD POSITION S.L (en adelante, \u201cLA V\u00cdA L\u00c1CTEA\u201d), informa a los usuarios que respeta la legislaci\u00f3n vigente en materia de protecci\u00f3n de\",\"breadcrumb\":{\"@id\":\"https:\/\/lavialacteabcn.com\/en\/politica-privacidad\/#breadcrumb\"},\"inLanguage\":\"en-US\",\"potentialAction\":[{\"@type\":\"ReadAction\",\"target\":[\"https:\/\/lavialacteabcn.com\/en\/politica-privacidad\/\"]}]},{\"@type\":\"BreadcrumbList\",\"@id\":\"https:\/\/lavialacteabcn.com\/en\/politica-privacidad\/#breadcrumb\",\"itemListElement\":[{\"@type\":\"ListItem\",\"position\":1,\"name\":\"Portada\",\"item\":\"https:\/\/lavialacteabcn.com\/en\/\"},{\"@type\":\"ListItem\",\"position\":2,\"name\":\"Pol\u00edtica de privacidad\"}]},{\"@type\":\"WebSite\",\"@id\":\"https:\/\/lavialacteabcn.com\/#website\",\"url\":\"https:\/\/lavialacteabcn.com\/\",\"name\":\"TRAVESTIS BARCELONA - LA V\u00cdA L\u00c1CTEA\",\"description\":\"Exclusivo piso de masajistas trans en Barcelona\",\"publisher\":{\"@id\":\"https:\/\/lavialacteabcn.com\/#organization\"},\"potentialAction\":[{\"@type\":\"SearchAction\",\"target\":{\"@type\":\"EntryPoint\",\"urlTemplate\":\"https:\/\/lavialacteabcn.com\/?s={search_term_string}\"},\"query-input\":{\"@type\":\"PropertyValueSpecification\",\"valueRequired\":true,\"valueName\":\"search_term_string\"}}],\"inLanguage\":\"en-US\"},{\"@type\":\"Organization\",\"@id\":\"https:\/\/lavialacteabcn.com\/#organization\",\"name\":\"TRAVESTIS BARCELONA - LA V\u00cdA L\u00c1CTEA\",\"url\":\"https:\/\/lavialacteabcn.com\/\",\"logo\":{\"@type\":\"ImageObject\",\"inLanguage\":\"en-US\",\"@id\":\"https:\/\/lavialacteabcn.com\/#\/schema\/logo\/image\/\",\"url\":\"https:\/\/lavialacteabcn.com\/wp-content\/uploads\/2024\/11\/lavialacteabcn-logo.png\",\"contentUrl\":\"https:\/\/lavialacteabcn.com\/wp-content\/uploads\/2024\/11\/lavialacteabcn-logo.png\",\"width\":291,\"height\":58,\"caption\":\"TRAVESTIS BARCELONA - LA V\u00cdA L\u00c1CTEA\"},\"image\":{\"@id\":\"https:\/\/lavialacteabcn.com\/#\/schema\/logo\/image\/\"}}]}<\/script>\n<!-- \/ Yoast SEO plugin. -->","yoast_head_json":{"title":"Pol\u00edtica de privacidad - TRAVESTIS BARCELONA - LA V\u00cdA L\u00c1CTEA","description":"1. THE MOST FORWARD POSITION S.L (en adelante, \u201cLA V\u00cdA L\u00c1CTEA\u201d), informa a los usuarios que respeta la legislaci\u00f3n vigente en materia de protecci\u00f3n de","robots":{"index":"index","follow":"follow","max-snippet":"max-snippet:-1","max-image-preview":"max-image-preview:large","max-video-preview":"max-video-preview:-1"},"canonical":"https:\/\/lavialacteabcn.com\/en\/politica-privacidad\/","og_locale":"en_US","og_type":"article","og_title":"Pol\u00edtica de privacidad - TRAVESTIS BARCELONA - LA V\u00cdA L\u00c1CTEA","og_description":"1. THE MOST FORWARD POSITION S.L (en adelante, \u201cLA V\u00cdA L\u00c1CTEA\u201d), informa a los usuarios que respeta la legislaci\u00f3n vigente en materia de protecci\u00f3n de","og_url":"https:\/\/lavialacteabcn.com\/en\/politica-privacidad\/","og_site_name":"TRAVESTIS BARCELONA - LA V\u00cdA L\u00c1CTEA","twitter_card":"summary_large_image","twitter_misc":{"Est. reading time":"3 minutes"},"schema":{"@context":"https:\/\/schema.org","@graph":[{"@type":"WebPage","@id":"https:\/\/lavialacteabcn.com\/en\/politica-privacidad\/","url":"https:\/\/lavialacteabcn.com\/en\/politica-privacidad\/","name":"Pol\u00edtica de privacidad - TRAVESTIS BARCELONA - LA V\u00cdA L\u00c1CTEA","isPartOf":{"@id":"https:\/\/lavialacteabcn.com\/#website"},"datePublished":"2021-09-07T16:30:14+00:00","dateModified":"2021-09-07T16:30:14+00:00","description":"1. THE MOST FORWARD POSITION S.L (en adelante, \u201cLA V\u00cdA L\u00c1CTEA\u201d), informa a los usuarios que respeta la legislaci\u00f3n vigente en materia de protecci\u00f3n de","breadcrumb":{"@id":"https:\/\/lavialacteabcn.com\/en\/politica-privacidad\/#breadcrumb"},"inLanguage":"en-US","potentialAction":[{"@type":"ReadAction","target":["https:\/\/lavialacteabcn.com\/en\/politica-privacidad\/"]}]},{"@type":"BreadcrumbList","@id":"https:\/\/lavialacteabcn.com\/en\/politica-privacidad\/#breadcrumb","itemListElement":[{"@type":"ListItem","position":1,"name":"Portada","item":"https:\/\/lavialacteabcn.com\/en\/"},{"@type":"ListItem","position":2,"name":"Pol\u00edtica de privacidad"}]},{"@type":"WebSite","@id":"https:\/\/lavialacteabcn.com\/#website","url":"https:\/\/lavialacteabcn.com\/","name":"TRAVESTIS BARCELONA - LA V\u00cdA L\u00c1CTEA","description":"Exclusivo piso de masajistas trans en Barcelona","publisher":{"@id":"https:\/\/lavialacteabcn.com\/#organization"},"potentialAction":[{"@type":"SearchAction","target":{"@type":"EntryPoint","urlTemplate":"https:\/\/lavialacteabcn.com\/?s={search_term_string}"},"query-input":{"@type":"PropertyValueSpecification","valueRequired":true,"valueName":"search_term_string"}}],"inLanguage":"en-US"},{"@type":"Organization","@id":"https:\/\/lavialacteabcn.com\/#organization","name":"TRAVESTIS BARCELONA - LA V\u00cdA L\u00c1CTEA","url":"https:\/\/lavialacteabcn.com\/","logo":{"@type":"ImageObject","inLanguage":"en-US","@id":"https:\/\/lavialacteabcn.com\/#\/schema\/logo\/image\/","url":"https:\/\/lavialacteabcn.com\/wp-content\/uploads\/2024\/11\/lavialacteabcn-logo.png","contentUrl":"https:\/\/lavialacteabcn.com\/wp-content\/uploads\/2024\/11\/lavialacteabcn-logo.png","width":291,"height":58,"caption":"TRAVESTIS BARCELONA - LA V\u00cdA L\u00c1CTEA"},"image":{"@id":"https:\/\/lavialacteabcn.com\/#\/schema\/logo\/image\/"}}]}},"_links":{"self":[{"href":"https:\/\/lavialacteabcn.com\/en\/wp-json\/wp\/v2\/pages\/4007","targetHints":{"allow":["GET"]}}],"collection":[{"href":"https:\/\/lavialacteabcn.com\/en\/wp-json\/wp\/v2\/pages"}],"about":[{"href":"https:\/\/lavialacteabcn.com\/en\/wp-json\/wp\/v2\/types\/page"}],"author":[{"embeddable":true,"href":"https:\/\/lavialacteabcn.com\/en\/wp-json\/wp\/v2\/users\/4"}],"replies":[{"embeddable":true,"href":"https:\/\/lavialacteabcn.com\/en\/wp-json\/wp\/v2\/comments?post=4007"}],"version-history":[{"count":0,"href":"https:\/\/lavialacteabcn.com\/en\/wp-json\/wp\/v2\/pages\/4007\/revisions"}],"wp:attachment":[{"href":"https:\/\/lavialacteabcn.com\/en\/wp-json\/wp\/v2\/media?parent=4007"}],"curies":[{"name":"wp","href":"https:\/\/api.w.org\/{rel}","templated":true}]}}