{"id":452,"date":"2021-11-02T16:53:22","date_gmt":"2021-11-02T16:53:22","guid":{"rendered":"https:\/\/lavialacteabcn.com\/facilities\/"},"modified":"2022-10-31T10:17:34","modified_gmt":"2022-10-31T10:17:34","slug":"facilities","status":"publish","type":"page","link":"https:\/\/lavialacteabcn.com\/en\/facilities\/","title":{"rendered":"Facilities"},"content":{"rendered":"<h3 style=\"text-align: center;\">A space designed to disconnect from stress and problems<\/h3>\n<p>LA V\u00cdA L\u00c1CTEA is a space designed solely and exclusively for the purpose of offering you a differential and extraordinary service that helps you disconnect from stress and daily routine.<\/p>\n<p>You will have an exceptional service, created to fulfill your darkest sexual desires and whims, we work with the necessary equipment to make your fantasies and fetishes come true, we guarantee that the encounters in our rooms are with luxury masseuse shemales, professional beauties with lots of class, in addition to sensual, sweet and seductive authentic are discreet.<\/p>\n<p>We take into account your requests, conditions and prioritize your comfort, since our main objective is the satisfaction of our clients, complying with all their demands and needs. We are characterized by our transparency and dedication to the client.<\/p>\n<p>We want to make your meeting unique and special, so we put at your disposal everything you need to do so, make the most intimate of your fantasies come true.<\/p>\n<p>The rooms by the hour that we propose, are specially designed for meetings with total discretion and intimacy, decorated and equipped with all the details to create the ideal environment for the appointment, we will help you choose the best room according to your wishes.<\/p>\n\n\t\t<style type=\"text\/css\">\n\t\t\t#gallery-1 {\n\t\t\t\tmargin: auto;\n\t\t\t}\n\t\t\t#gallery-1 .gallery-item {\n\t\t\t\tfloat: left;\n\t\t\t\tmargin-top: 10px;\n\t\t\t\ttext-align: center;\n\t\t\t\twidth: 33%;\n\t\t\t}\n\t\t\t#gallery-1 img {\n\t\t\t\tborder: 2px solid #cfcfcf;\n\t\t\t}\n\t\t\t#gallery-1 .gallery-caption {\n\t\t\t\tmargin-left: 0;\n\t\t\t}\n\t\t\t\/* see gallery_shortcode() in wp-includes\/media.php *\/\n\t\t<\/style>\n\t\t<div id='gallery-1' class='gallery galleryid-452 gallery-columns-3 gallery-size-thumbnail'><dl class='gallery-item'>\n\t\t\t<dt class='gallery-icon landscape'>\n\t\t\t\t<a href='https:\/\/lavialacteabcn.com\/wp-content\/uploads\/2022\/10\/01.jpeg'><img loading=\"lazy\" decoding=\"async\" width=\"150\" height=\"150\" src=\"https:\/\/lavialacteabcn.com\/wp-content\/uploads\/2022\/10\/01-150x150.jpeg\" class=\"attachment-thumbnail size-thumbnail\" alt=\"\" \/><\/a>\n\t\t\t<\/dt><\/dl><dl class='gallery-item'>\n\t\t\t<dt class='gallery-icon landscape'>\n\t\t\t\t<a href='https:\/\/lavialacteabcn.com\/wp-content\/uploads\/2022\/10\/02.jpeg'><img loading=\"lazy\" decoding=\"async\" width=\"150\" height=\"150\" src=\"https:\/\/lavialacteabcn.com\/wp-content\/uploads\/2022\/10\/02-150x150.jpeg\" class=\"attachment-thumbnail size-thumbnail\" alt=\"\" \/><\/a>\n\t\t\t<\/dt><\/dl><dl class='gallery-item'>\n\t\t\t<dt class='gallery-icon landscape'>\n\t\t\t\t<a href='https:\/\/lavialacteabcn.com\/wp-content\/uploads\/2022\/10\/03.jpeg'><img loading=\"lazy\" decoding=\"async\" width=\"150\" height=\"150\" src=\"https:\/\/lavialacteabcn.com\/wp-content\/uploads\/2022\/10\/03-150x150.jpeg\" class=\"attachment-thumbnail size-thumbnail\" alt=\"\" \/><\/a>\n\t\t\t<\/dt><\/dl><br style=\"clear: both\" \/><dl class='gallery-item'>\n\t\t\t<dt class='gallery-icon landscape'>\n\t\t\t\t<a href='https:\/\/lavialacteabcn.com\/wp-content\/uploads\/2022\/10\/04.jpeg'><img loading=\"lazy\" decoding=\"async\" width=\"150\" height=\"150\" src=\"https:\/\/lavialacteabcn.com\/wp-content\/uploads\/2022\/10\/04-150x150.jpeg\" class=\"attachment-thumbnail size-thumbnail\" alt=\"\" \/><\/a>\n\t\t\t<\/dt><\/dl><dl class='gallery-item'>\n\t\t\t<dt class='gallery-icon landscape'>\n\t\t\t\t<a href='https:\/\/lavialacteabcn.com\/wp-content\/uploads\/2022\/10\/05.jpeg'><img loading=\"lazy\" decoding=\"async\" width=\"150\" height=\"150\" src=\"https:\/\/lavialacteabcn.com\/wp-content\/uploads\/2022\/10\/05-150x150.jpeg\" class=\"attachment-thumbnail size-thumbnail\" alt=\"\" \/><\/a>\n\t\t\t<\/dt><\/dl><dl class='gallery-item'>\n\t\t\t<dt class='gallery-icon landscape'>\n\t\t\t\t<a href='https:\/\/lavialacteabcn.com\/wp-content\/uploads\/2022\/10\/06.jpeg'><img loading=\"lazy\" decoding=\"async\" width=\"150\" height=\"150\" src=\"https:\/\/lavialacteabcn.com\/wp-content\/uploads\/2022\/10\/06-150x150.jpeg\" class=\"attachment-thumbnail size-thumbnail\" alt=\"\" \/><\/a>\n\t\t\t<\/dt><\/dl><br style=\"clear: both\" \/><dl class='gallery-item'>\n\t\t\t<dt class='gallery-icon portrait'>\n\t\t\t\t<a href='https:\/\/lavialacteabcn.com\/wp-content\/uploads\/2022\/10\/07.jpeg'><img loading=\"lazy\" decoding=\"async\" width=\"150\" height=\"150\" src=\"https:\/\/lavialacteabcn.com\/wp-content\/uploads\/2022\/10\/07-150x150.jpeg\" class=\"attachment-thumbnail size-thumbnail\" alt=\"\" \/><\/a>\n\t\t\t<\/dt><\/dl><dl class='gallery-item'>\n\t\t\t<dt class='gallery-icon landscape'>\n\t\t\t\t<a href='https:\/\/lavialacteabcn.com\/wp-content\/uploads\/2022\/10\/08.jpeg'><img loading=\"lazy\" decoding=\"async\" width=\"150\" height=\"150\" src=\"https:\/\/lavialacteabcn.com\/wp-content\/uploads\/2022\/10\/08-150x150.jpeg\" class=\"attachment-thumbnail size-thumbnail\" alt=\"\" \/><\/a>\n\t\t\t<\/dt><\/dl><dl class='gallery-item'>\n\t\t\t<dt class='gallery-icon portrait'>\n\t\t\t\t<a href='https:\/\/lavialacteabcn.com\/wp-content\/uploads\/2022\/10\/09.jpeg'><img loading=\"lazy\" decoding=\"async\" width=\"150\" height=\"150\" src=\"https:\/\/lavialacteabcn.com\/wp-content\/uploads\/2022\/10\/09-150x150.jpeg\" class=\"attachment-thumbnail size-thumbnail\" alt=\"\" \/><\/a>\n\t\t\t<\/dt><\/dl><br style=\"clear: both\" \/><dl class='gallery-item'>\n\t\t\t<dt class='gallery-icon portrait'>\n\t\t\t\t<a href='https:\/\/lavialacteabcn.com\/wp-content\/uploads\/2022\/10\/10.jpeg'><img loading=\"lazy\" decoding=\"async\" width=\"150\" height=\"150\" src=\"https:\/\/lavialacteabcn.com\/wp-content\/uploads\/2022\/10\/10-150x150.jpeg\" class=\"attachment-thumbnail size-thumbnail\" alt=\"\" \/><\/a>\n\t\t\t<\/dt><\/dl><dl class='gallery-item'>\n\t\t\t<dt class='gallery-icon portrait'>\n\t\t\t\t<a href='https:\/\/lavialacteabcn.com\/wp-content\/uploads\/2022\/10\/11.jpeg'><img loading=\"lazy\" decoding=\"async\" width=\"150\" height=\"150\" src=\"https:\/\/lavialacteabcn.com\/wp-content\/uploads\/2022\/10\/11-150x150.jpeg\" class=\"attachment-thumbnail size-thumbnail\" alt=\"\" \/><\/a>\n\t\t\t<\/dt><\/dl><dl class='gallery-item'>\n\t\t\t<dt class='gallery-icon landscape'>\n\t\t\t\t<a href='https:\/\/lavialacteabcn.com\/wp-content\/uploads\/2022\/10\/12.jpeg'><img loading=\"lazy\" decoding=\"async\" width=\"150\" height=\"150\" src=\"https:\/\/lavialacteabcn.com\/wp-content\/uploads\/2022\/10\/12-150x150.jpeg\" class=\"attachment-thumbnail size-thumbnail\" alt=\"\" \/><\/a>\n\t\t\t<\/dt><\/dl><br style=\"clear: both\" \/>\n\t\t<\/div>\n\n","protected":false},"excerpt":{"rendered":"<p>A space designed to disconnect from stress and problems LA V\u00cdA L\u00c1CTEA is a space designed solely and exclusively for the purpose of offering you a differential and extraordinary service that helps you disconnect from stress and daily routine. You will have an exceptional service, created to fulfill your darkest sexual desires and whims, we [&hellip;]<\/p>\n","protected":false},"author":4,"featured_media":0,"parent":0,"menu_order":0,"comment_status":"closed","ping_status":"closed","template":"","meta":{"_acf_changed":false,"footnotes":""},"class_list":["post-452","page","type-page","status-publish","hentry"],"acf":[],"yoast_head":"<!-- This site is optimized with the Yoast SEO plugin v27.4 - https:\/\/yoast.com\/product\/yoast-seo-wordpress\/ -->\n<title>Facilities - TRAVESTIS BARCELONA - LA V\u00cdA L\u00c1CTEA<\/title>\n<meta name=\"description\" content=\"A space designed to disconnect from stress and problems LA V\u00cdA L\u00c1CTEA is a space designed solely and exclusively for the purpose of offering you a\" \/>\n<meta name=\"robots\" content=\"index, follow, max-snippet:-1, max-image-preview:large, max-video-preview:-1\" \/>\n<link rel=\"canonical\" href=\"https:\/\/lavialacteabcn.com\/en\/facilities\/\" \/>\n<meta property=\"og:locale\" content=\"en_US\" \/>\n<meta property=\"og:type\" content=\"article\" \/>\n<meta property=\"og:title\" content=\"Facilities - TRAVESTIS BARCELONA - LA V\u00cdA L\u00c1CTEA\" \/>\n<meta property=\"og:description\" content=\"A space designed to disconnect from stress and problems LA V\u00cdA L\u00c1CTEA is a space designed solely and exclusively for the purpose of offering you a\" \/>\n<meta property=\"og:url\" content=\"https:\/\/lavialacteabcn.com\/en\/facilities\/\" \/>\n<meta property=\"og:site_name\" content=\"TRAVESTIS BARCELONA - LA V\u00cdA L\u00c1CTEA\" \/>\n<meta property=\"article:modified_time\" content=\"2022-10-31T10:17:34+00:00\" \/>\n<meta property=\"og:image\" content=\"https:\/\/lavialacteabcn.com\/wp-content\/uploads\/2022\/10\/01-150x150.jpeg\" \/>\n<meta name=\"twitter:card\" content=\"summary_large_image\" \/>\n<meta name=\"twitter:label1\" content=\"Est. reading time\" \/>\n\t<meta name=\"twitter:data1\" content=\"1 minute\" \/>\n<script type=\"application\/ld+json\" class=\"yoast-schema-graph\">{\"@context\":\"https:\\\/\\\/schema.org\",\"@graph\":[{\"@type\":\"WebPage\",\"@id\":\"https:\\\/\\\/lavialacteabcn.com\\\/en\\\/facilities\\\/\",\"url\":\"https:\\\/\\\/lavialacteabcn.com\\\/en\\\/facilities\\\/\",\"name\":\"Facilities - TRAVESTIS BARCELONA - LA V\u00cdA L\u00c1CTEA\",\"isPartOf\":{\"@id\":\"https:\\\/\\\/lavialacteabcn.com\\\/#website\"},\"datePublished\":\"2021-11-02T16:53:22+00:00\",\"dateModified\":\"2022-10-31T10:17:34+00:00\",\"description\":\"A space designed to disconnect from stress and problems LA V\u00cdA L\u00c1CTEA is a space designed solely and exclusively for the purpose of offering you a\",\"breadcrumb\":{\"@id\":\"https:\\\/\\\/lavialacteabcn.com\\\/en\\\/facilities\\\/#breadcrumb\"},\"inLanguage\":\"en-US\",\"potentialAction\":[{\"@type\":\"ReadAction\",\"target\":[\"https:\\\/\\\/lavialacteabcn.com\\\/en\\\/facilities\\\/\"]}]},{\"@type\":\"BreadcrumbList\",\"@id\":\"https:\\\/\\\/lavialacteabcn.com\\\/en\\\/facilities\\\/#breadcrumb\",\"itemListElement\":[{\"@type\":\"ListItem\",\"position\":1,\"name\":\"Portada\",\"item\":\"https:\\\/\\\/lavialacteabcn.com\\\/en\\\/\"},{\"@type\":\"ListItem\",\"position\":2,\"name\":\"Facilities\"}]},{\"@type\":\"WebSite\",\"@id\":\"https:\\\/\\\/lavialacteabcn.com\\\/#website\",\"url\":\"https:\\\/\\\/lavialacteabcn.com\\\/\",\"name\":\"TRAVESTIS BARCELONA - LA V\u00cdA L\u00c1CTEA\",\"description\":\"Exclusivo piso de masajistas trans en Barcelona\",\"publisher\":{\"@id\":\"https:\\\/\\\/lavialacteabcn.com\\\/#organization\"},\"potentialAction\":[{\"@type\":\"SearchAction\",\"target\":{\"@type\":\"EntryPoint\",\"urlTemplate\":\"https:\\\/\\\/lavialacteabcn.com\\\/?s={search_term_string}\"},\"query-input\":{\"@type\":\"PropertyValueSpecification\",\"valueRequired\":true,\"valueName\":\"search_term_string\"}}],\"inLanguage\":\"en-US\"},{\"@type\":\"Organization\",\"@id\":\"https:\\\/\\\/lavialacteabcn.com\\\/#organization\",\"name\":\"TRAVESTIS BARCELONA - LA V\u00cdA L\u00c1CTEA\",\"url\":\"https:\\\/\\\/lavialacteabcn.com\\\/\",\"logo\":{\"@type\":\"ImageObject\",\"inLanguage\":\"en-US\",\"@id\":\"https:\\\/\\\/lavialacteabcn.com\\\/#\\\/schema\\\/logo\\\/image\\\/\",\"url\":\"https:\\\/\\\/lavialacteabcn.com\\\/wp-content\\\/uploads\\\/2024\\\/11\\\/lavialacteabcn-logo.png\",\"contentUrl\":\"https:\\\/\\\/lavialacteabcn.com\\\/wp-content\\\/uploads\\\/2024\\\/11\\\/lavialacteabcn-logo.png\",\"width\":291,\"height\":58,\"caption\":\"TRAVESTIS BARCELONA - LA V\u00cdA L\u00c1CTEA\"},\"image\":{\"@id\":\"https:\\\/\\\/lavialacteabcn.com\\\/#\\\/schema\\\/logo\\\/image\\\/\"}}]}<\/script>\n<!-- \/ Yoast SEO plugin. -->","yoast_head_json":{"title":"Facilities - TRAVESTIS BARCELONA - LA V\u00cdA L\u00c1CTEA","description":"A space designed to disconnect from stress and problems LA V\u00cdA L\u00c1CTEA is a space designed solely and exclusively for the purpose of offering you a","robots":{"index":"index","follow":"follow","max-snippet":"max-snippet:-1","max-image-preview":"max-image-preview:large","max-video-preview":"max-video-preview:-1"},"canonical":"https:\/\/lavialacteabcn.com\/en\/facilities\/","og_locale":"en_US","og_type":"article","og_title":"Facilities - TRAVESTIS BARCELONA - LA V\u00cdA L\u00c1CTEA","og_description":"A space designed to disconnect from stress and problems LA V\u00cdA L\u00c1CTEA is a space designed solely and exclusively for the purpose of offering you a","og_url":"https:\/\/lavialacteabcn.com\/en\/facilities\/","og_site_name":"TRAVESTIS BARCELONA - LA V\u00cdA L\u00c1CTEA","article_modified_time":"2022-10-31T10:17:34+00:00","og_image":[{"url":"https:\/\/lavialacteabcn.com\/wp-content\/uploads\/2022\/10\/01-150x150.jpeg","type":"","width":"","height":""}],"twitter_card":"summary_large_image","twitter_misc":{"Est. reading time":"1 minute"},"schema":{"@context":"https:\/\/schema.org","@graph":[{"@type":"WebPage","@id":"https:\/\/lavialacteabcn.com\/en\/facilities\/","url":"https:\/\/lavialacteabcn.com\/en\/facilities\/","name":"Facilities - TRAVESTIS BARCELONA - LA V\u00cdA L\u00c1CTEA","isPartOf":{"@id":"https:\/\/lavialacteabcn.com\/#website"},"datePublished":"2021-11-02T16:53:22+00:00","dateModified":"2022-10-31T10:17:34+00:00","description":"A space designed to disconnect from stress and problems LA V\u00cdA L\u00c1CTEA is a space designed solely and exclusively for the purpose of offering you a","breadcrumb":{"@id":"https:\/\/lavialacteabcn.com\/en\/facilities\/#breadcrumb"},"inLanguage":"en-US","potentialAction":[{"@type":"ReadAction","target":["https:\/\/lavialacteabcn.com\/en\/facilities\/"]}]},{"@type":"BreadcrumbList","@id":"https:\/\/lavialacteabcn.com\/en\/facilities\/#breadcrumb","itemListElement":[{"@type":"ListItem","position":1,"name":"Portada","item":"https:\/\/lavialacteabcn.com\/en\/"},{"@type":"ListItem","position":2,"name":"Facilities"}]},{"@type":"WebSite","@id":"https:\/\/lavialacteabcn.com\/#website","url":"https:\/\/lavialacteabcn.com\/","name":"TRAVESTIS BARCELONA - LA V\u00cdA L\u00c1CTEA","description":"Exclusivo piso de masajistas trans en Barcelona","publisher":{"@id":"https:\/\/lavialacteabcn.com\/#organization"},"potentialAction":[{"@type":"SearchAction","target":{"@type":"EntryPoint","urlTemplate":"https:\/\/lavialacteabcn.com\/?s={search_term_string}"},"query-input":{"@type":"PropertyValueSpecification","valueRequired":true,"valueName":"search_term_string"}}],"inLanguage":"en-US"},{"@type":"Organization","@id":"https:\/\/lavialacteabcn.com\/#organization","name":"TRAVESTIS BARCELONA - LA V\u00cdA L\u00c1CTEA","url":"https:\/\/lavialacteabcn.com\/","logo":{"@type":"ImageObject","inLanguage":"en-US","@id":"https:\/\/lavialacteabcn.com\/#\/schema\/logo\/image\/","url":"https:\/\/lavialacteabcn.com\/wp-content\/uploads\/2024\/11\/lavialacteabcn-logo.png","contentUrl":"https:\/\/lavialacteabcn.com\/wp-content\/uploads\/2024\/11\/lavialacteabcn-logo.png","width":291,"height":58,"caption":"TRAVESTIS BARCELONA - LA V\u00cdA L\u00c1CTEA"},"image":{"@id":"https:\/\/lavialacteabcn.com\/#\/schema\/logo\/image\/"}}]}},"_links":{"self":[{"href":"https:\/\/lavialacteabcn.com\/en\/wp-json\/wp\/v2\/pages\/452","targetHints":{"allow":["GET"]}}],"collection":[{"href":"https:\/\/lavialacteabcn.com\/en\/wp-json\/wp\/v2\/pages"}],"about":[{"href":"https:\/\/lavialacteabcn.com\/en\/wp-json\/wp\/v2\/types\/page"}],"author":[{"embeddable":true,"href":"https:\/\/lavialacteabcn.com\/en\/wp-json\/wp\/v2\/users\/4"}],"replies":[{"embeddable":true,"href":"https:\/\/lavialacteabcn.com\/en\/wp-json\/wp\/v2\/comments?post=452"}],"version-history":[{"count":4,"href":"https:\/\/lavialacteabcn.com\/en\/wp-json\/wp\/v2\/pages\/452\/revisions"}],"predecessor-version":[{"id":1719,"href":"https:\/\/lavialacteabcn.com\/en\/wp-json\/wp\/v2\/pages\/452\/revisions\/1719"}],"wp:attachment":[{"href":"https:\/\/lavialacteabcn.com\/en\/wp-json\/wp\/v2\/media?parent=452"}],"curies":[{"name":"wp","href":"https:\/\/api.w.org\/{rel}","templated":true}]}}