{"id":4071,"date":"2024-09-23T06:46:57","date_gmt":"2024-09-23T04:46:57","guid":{"rendered":"https:\/\/lavialacteabcn.com\/installations\/"},"modified":"2024-09-23T06:46:57","modified_gmt":"2024-09-23T04:46:57","slug":"installations","status":"publish","type":"page","link":"https:\/\/lavialacteabcn.com\/fr\/installations\/","title":{"rendered":"Installations"},"content":{"rendered":"<h3 style=\"text-align: center;\">Un espace con\u00e7u pour se d\u00e9connecter du stress et des probl\u00e8mes<\/h3>\n<p> LA V\u00cdA L\u00c1CTEA est un espace con\u00e7u uniquement et exclusivement dans le but de vous offrir un service diff\u00e9rentiel et extraordinaire qui vous aide \u00e0 vous d\u00e9connecter du stress et de la routine quotidienne. Vous disposerez d&rsquo;un service exceptionnel, cr\u00e9\u00e9 pour r\u00e9pondre \u00e0 vos d\u00e9sirs et caprices sexuels les plus sombres, nous travaillons avec l&rsquo;\u00e9quipe n\u00e9cessaire pour r\u00e9aliser vos fantasmes et f\u00e9tiches, nous garantissons que les rencontres dans nos chambres se font avec des masseuses de luxe travesties, des beaut\u00e9s professionnelles avec un beaucoup de classe, en plus d&rsquo;\u00eatre des s\u00e9ductrices sensuelles, douces et authentiques, elles sont discr\u00e8tes. Nous prenons en compte vos demandes, vos conditions et priorisons votre confort, puisque notre objectif principal est la satisfaction de nos clients, en r\u00e9pondant \u00e0 toutes leurs demandes et besoins. Nous nous distinguons par notre transparence et notre d\u00e9vouement envers le client. Nous souhaitons rendre votre rencontre unique et sp\u00e9ciale, c&rsquo;est pourquoi nous mettons \u00e0 votre disposition tout ce dont vous avez besoin pour r\u00e9aliser le plus intime de vos fantasmes. Les salles horaires que nous proposons sont sp\u00e9cialement con\u00e7ues pour des r\u00e9unions en toute discr\u00e9tion et intimit\u00e9, d\u00e9cor\u00e9es et \u00e9quip\u00e9es de tous les d\u00e9tails pour cr\u00e9er l&rsquo;atmosph\u00e8re id\u00e9ale pour le rendez-vous. Nous vous aiderons \u00e0 choisir la meilleure salle en fonction de vos souhaits.      \n\t\t<style type=\"text\/css\">\n\t\t\t#gallery-1 {\n\t\t\t\tmargin: auto;\n\t\t\t}\n\t\t\t#gallery-1 .gallery-item {\n\t\t\t\tfloat: left;\n\t\t\t\tmargin-top: 10px;\n\t\t\t\ttext-align: center;\n\t\t\t\twidth: 33%;\n\t\t\t}\n\t\t\t#gallery-1 img {\n\t\t\t\tborder: 2px solid #cfcfcf;\n\t\t\t}\n\t\t\t#gallery-1 .gallery-caption {\n\t\t\t\tmargin-left: 0;\n\t\t\t}\n\t\t\t\/* see gallery_shortcode() in wp-includes\/media.php *\/\n\t\t<\/style>\n\t\t<div id='gallery-1' class='gallery galleryid-4071 gallery-columns-3 gallery-size-thumbnail'><dl class='gallery-item'>\n\t\t\t<dt class='gallery-icon landscape'>\n\t\t\t\t<a href='https:\/\/lavialacteabcn.com\/wp-content\/uploads\/2022\/10\/01.jpeg'><img loading=\"lazy\" decoding=\"async\" width=\"150\" height=\"150\" src=\"https:\/\/lavialacteabcn.com\/wp-content\/uploads\/2022\/10\/01-150x150.jpeg\" class=\"attachment-thumbnail size-thumbnail\" alt=\"\" \/><\/a>\n\t\t\t<\/dt><\/dl><dl class='gallery-item'>\n\t\t\t<dt class='gallery-icon landscape'>\n\t\t\t\t<a href='https:\/\/lavialacteabcn.com\/wp-content\/uploads\/2022\/10\/02.jpeg'><img loading=\"lazy\" decoding=\"async\" width=\"150\" height=\"150\" src=\"https:\/\/lavialacteabcn.com\/wp-content\/uploads\/2022\/10\/02-150x150.jpeg\" class=\"attachment-thumbnail size-thumbnail\" alt=\"\" \/><\/a>\n\t\t\t<\/dt><\/dl><dl class='gallery-item'>\n\t\t\t<dt class='gallery-icon landscape'>\n\t\t\t\t<a href='https:\/\/lavialacteabcn.com\/wp-content\/uploads\/2022\/10\/03.jpeg'><img loading=\"lazy\" decoding=\"async\" width=\"150\" height=\"150\" src=\"https:\/\/lavialacteabcn.com\/wp-content\/uploads\/2022\/10\/03-150x150.jpeg\" class=\"attachment-thumbnail size-thumbnail\" alt=\"\" \/><\/a>\n\t\t\t<\/dt><\/dl><br style=\"clear: both\" \/><dl class='gallery-item'>\n\t\t\t<dt class='gallery-icon landscape'>\n\t\t\t\t<a href='https:\/\/lavialacteabcn.com\/wp-content\/uploads\/2022\/10\/04.jpeg'><img loading=\"lazy\" decoding=\"async\" width=\"150\" height=\"150\" src=\"https:\/\/lavialacteabcn.com\/wp-content\/uploads\/2022\/10\/04-150x150.jpeg\" class=\"attachment-thumbnail size-thumbnail\" alt=\"\" \/><\/a>\n\t\t\t<\/dt><\/dl><dl class='gallery-item'>\n\t\t\t<dt class='gallery-icon landscape'>\n\t\t\t\t<a href='https:\/\/lavialacteabcn.com\/wp-content\/uploads\/2022\/10\/05.jpeg'><img loading=\"lazy\" decoding=\"async\" width=\"150\" height=\"150\" src=\"https:\/\/lavialacteabcn.com\/wp-content\/uploads\/2022\/10\/05-150x150.jpeg\" class=\"attachment-thumbnail size-thumbnail\" alt=\"\" \/><\/a>\n\t\t\t<\/dt><\/dl><dl class='gallery-item'>\n\t\t\t<dt class='gallery-icon landscape'>\n\t\t\t\t<a href='https:\/\/lavialacteabcn.com\/wp-content\/uploads\/2022\/10\/06.jpeg'><img loading=\"lazy\" decoding=\"async\" width=\"150\" height=\"150\" src=\"https:\/\/lavialacteabcn.com\/wp-content\/uploads\/2022\/10\/06-150x150.jpeg\" class=\"attachment-thumbnail size-thumbnail\" alt=\"\" \/><\/a>\n\t\t\t<\/dt><\/dl><br style=\"clear: both\" \/><dl class='gallery-item'>\n\t\t\t<dt class='gallery-icon portrait'>\n\t\t\t\t<a href='https:\/\/lavialacteabcn.com\/wp-content\/uploads\/2022\/10\/07.jpeg'><img loading=\"lazy\" decoding=\"async\" width=\"150\" height=\"150\" src=\"https:\/\/lavialacteabcn.com\/wp-content\/uploads\/2022\/10\/07-150x150.jpeg\" class=\"attachment-thumbnail size-thumbnail\" alt=\"\" \/><\/a>\n\t\t\t<\/dt><\/dl><dl class='gallery-item'>\n\t\t\t<dt class='gallery-icon landscape'>\n\t\t\t\t<a href='https:\/\/lavialacteabcn.com\/wp-content\/uploads\/2022\/10\/08.jpeg'><img loading=\"lazy\" decoding=\"async\" width=\"150\" height=\"150\" src=\"https:\/\/lavialacteabcn.com\/wp-content\/uploads\/2022\/10\/08-150x150.jpeg\" class=\"attachment-thumbnail size-thumbnail\" alt=\"\" \/><\/a>\n\t\t\t<\/dt><\/dl><dl class='gallery-item'>\n\t\t\t<dt class='gallery-icon portrait'>\n\t\t\t\t<a href='https:\/\/lavialacteabcn.com\/wp-content\/uploads\/2022\/10\/09.jpeg'><img loading=\"lazy\" decoding=\"async\" width=\"150\" height=\"150\" src=\"https:\/\/lavialacteabcn.com\/wp-content\/uploads\/2022\/10\/09-150x150.jpeg\" class=\"attachment-thumbnail size-thumbnail\" alt=\"\" \/><\/a>\n\t\t\t<\/dt><\/dl><br style=\"clear: both\" \/><dl class='gallery-item'>\n\t\t\t<dt class='gallery-icon portrait'>\n\t\t\t\t<a href='https:\/\/lavialacteabcn.com\/wp-content\/uploads\/2022\/10\/10.jpeg'><img loading=\"lazy\" decoding=\"async\" width=\"150\" height=\"150\" src=\"https:\/\/lavialacteabcn.com\/wp-content\/uploads\/2022\/10\/10-150x150.jpeg\" class=\"attachment-thumbnail size-thumbnail\" alt=\"\" \/><\/a>\n\t\t\t<\/dt><\/dl><dl class='gallery-item'>\n\t\t\t<dt class='gallery-icon portrait'>\n\t\t\t\t<a href='https:\/\/lavialacteabcn.com\/wp-content\/uploads\/2022\/10\/11.jpeg'><img loading=\"lazy\" decoding=\"async\" width=\"150\" height=\"150\" src=\"https:\/\/lavialacteabcn.com\/wp-content\/uploads\/2022\/10\/11-150x150.jpeg\" class=\"attachment-thumbnail size-thumbnail\" alt=\"\" \/><\/a>\n\t\t\t<\/dt><\/dl><dl class='gallery-item'>\n\t\t\t<dt class='gallery-icon landscape'>\n\t\t\t\t<a href='https:\/\/lavialacteabcn.com\/wp-content\/uploads\/2022\/10\/12.jpeg'><img loading=\"lazy\" decoding=\"async\" width=\"150\" height=\"150\" src=\"https:\/\/lavialacteabcn.com\/wp-content\/uploads\/2022\/10\/12-150x150.jpeg\" class=\"attachment-thumbnail size-thumbnail\" alt=\"\" \/><\/a>\n\t\t\t<\/dt><\/dl><br style=\"clear: both\" \/>\n\t\t<\/div>\n<\/p>\n","protected":false},"excerpt":{"rendered":"<p>Un espace con\u00e7u pour se d\u00e9connecter du stress et des probl\u00e8mes LA V\u00cdA L\u00c1CTEA est un espace con\u00e7u uniquement et exclusivement dans le but de vous offrir un service diff\u00e9rentiel et extraordinaire qui vous aide \u00e0 vous d\u00e9connecter du stress et de la routine quotidienne. Vous disposerez d&rsquo;un service exceptionnel, cr\u00e9\u00e9 pour r\u00e9pondre \u00e0 vos [&hellip;]<\/p>\n","protected":false},"author":4,"featured_media":0,"parent":0,"menu_order":0,"comment_status":"closed","ping_status":"closed","template":"","meta":{"_acf_changed":false,"footnotes":""},"class_list":["post-4071","page","type-page","status-publish","hentry"],"acf":[],"yoast_head":"<!-- This site is optimized with the Yoast SEO plugin v27.4 - https:\/\/yoast.com\/product\/yoast-seo-wordpress\/ -->\n<title>Installations - TRAVESTIS BARCELONA - LA V\u00cdA L\u00c1CTEA<\/title>\n<meta name=\"description\" content=\"Un espace con\u00e7u pour se d\u00e9connecter du stress et des probl\u00e8mes LA V\u00cdA L\u00c1CTEA est un espace con\u00e7u uniquement et exclusivement dans le but de vous offrir un\" \/>\n<meta name=\"robots\" content=\"index, follow, max-snippet:-1, max-image-preview:large, max-video-preview:-1\" \/>\n<link rel=\"canonical\" href=\"https:\/\/lavialacteabcn.com\/installations\/\" \/>\n<meta property=\"og:locale\" content=\"fr_FR\" \/>\n<meta property=\"og:type\" content=\"article\" \/>\n<meta property=\"og:title\" content=\"Installations - TRAVESTIS BARCELONA - LA V\u00cdA L\u00c1CTEA\" \/>\n<meta property=\"og:description\" content=\"Un espace con\u00e7u pour se d\u00e9connecter du stress et des probl\u00e8mes LA V\u00cdA L\u00c1CTEA est un espace con\u00e7u uniquement et exclusivement dans le but de vous offrir un\" \/>\n<meta property=\"og:url\" content=\"https:\/\/lavialacteabcn.com\/installations\/\" \/>\n<meta property=\"og:site_name\" content=\"TRAVESTIS BARCELONA - LA V\u00cdA L\u00c1CTEA\" \/>\n<meta property=\"og:image\" content=\"https:\/\/lavialacteabcn.com\/wp-content\/uploads\/2022\/10\/01-150x150.jpeg\" \/>\n<meta name=\"twitter:card\" content=\"summary_large_image\" \/>\n<meta name=\"twitter:label1\" content=\"Dur\u00e9e de lecture estim\u00e9e\" \/>\n\t<meta name=\"twitter:data1\" content=\"1 minute\" \/>\n<script type=\"application\/ld+json\" class=\"yoast-schema-graph\">{\"@context\":\"https:\\\/\\\/schema.org\",\"@graph\":[{\"@type\":\"WebPage\",\"@id\":\"https:\\\/\\\/lavialacteabcn.com\\\/installations\\\/\",\"url\":\"https:\\\/\\\/lavialacteabcn.com\\\/installations\\\/\",\"name\":\"Installations - TRAVESTIS BARCELONA - LA V\u00cdA L\u00c1CTEA\",\"isPartOf\":{\"@id\":\"https:\\\/\\\/lavialacteabcn.com\\\/#website\"},\"datePublished\":\"2024-09-23T04:46:57+00:00\",\"description\":\"Un espace con\u00e7u pour se d\u00e9connecter du stress et des probl\u00e8mes LA V\u00cdA L\u00c1CTEA est un espace con\u00e7u uniquement et exclusivement dans le but de vous offrir un\",\"breadcrumb\":{\"@id\":\"https:\\\/\\\/lavialacteabcn.com\\\/installations\\\/#breadcrumb\"},\"inLanguage\":\"fr-FR\",\"potentialAction\":[{\"@type\":\"ReadAction\",\"target\":[\"https:\\\/\\\/lavialacteabcn.com\\\/installations\\\/\"]}]},{\"@type\":\"BreadcrumbList\",\"@id\":\"https:\\\/\\\/lavialacteabcn.com\\\/installations\\\/#breadcrumb\",\"itemListElement\":[{\"@type\":\"ListItem\",\"position\":1,\"name\":\"Portada\",\"item\":\"https:\\\/\\\/lavialacteabcn.com\\\/home-2\\\/\"},{\"@type\":\"ListItem\",\"position\":2,\"name\":\"Installations\"}]},{\"@type\":\"WebSite\",\"@id\":\"https:\\\/\\\/lavialacteabcn.com\\\/#website\",\"url\":\"https:\\\/\\\/lavialacteabcn.com\\\/\",\"name\":\"TRAVESTIS BARCELONA - LA V\u00cdA L\u00c1CTEA\",\"description\":\"Exclusivo piso de masajistas trans en Barcelona\",\"publisher\":{\"@id\":\"https:\\\/\\\/lavialacteabcn.com\\\/#organization\"},\"potentialAction\":[{\"@type\":\"SearchAction\",\"target\":{\"@type\":\"EntryPoint\",\"urlTemplate\":\"https:\\\/\\\/lavialacteabcn.com\\\/?s={search_term_string}\"},\"query-input\":{\"@type\":\"PropertyValueSpecification\",\"valueRequired\":true,\"valueName\":\"search_term_string\"}}],\"inLanguage\":\"fr-FR\"},{\"@type\":\"Organization\",\"@id\":\"https:\\\/\\\/lavialacteabcn.com\\\/#organization\",\"name\":\"TRAVESTIS BARCELONA - LA V\u00cdA L\u00c1CTEA\",\"url\":\"https:\\\/\\\/lavialacteabcn.com\\\/\",\"logo\":{\"@type\":\"ImageObject\",\"inLanguage\":\"fr-FR\",\"@id\":\"https:\\\/\\\/lavialacteabcn.com\\\/#\\\/schema\\\/logo\\\/image\\\/\",\"url\":\"https:\\\/\\\/lavialacteabcn.com\\\/wp-content\\\/uploads\\\/2024\\\/11\\\/lavialacteabcn-logo.png\",\"contentUrl\":\"https:\\\/\\\/lavialacteabcn.com\\\/wp-content\\\/uploads\\\/2024\\\/11\\\/lavialacteabcn-logo.png\",\"width\":291,\"height\":58,\"caption\":\"TRAVESTIS BARCELONA - LA V\u00cdA L\u00c1CTEA\"},\"image\":{\"@id\":\"https:\\\/\\\/lavialacteabcn.com\\\/#\\\/schema\\\/logo\\\/image\\\/\"}}]}<\/script>\n<!-- \/ Yoast SEO plugin. -->","yoast_head_json":{"title":"Installations - TRAVESTIS BARCELONA - LA V\u00cdA L\u00c1CTEA","description":"Un espace con\u00e7u pour se d\u00e9connecter du stress et des probl\u00e8mes LA V\u00cdA L\u00c1CTEA est un espace con\u00e7u uniquement et exclusivement dans le but de vous offrir un","robots":{"index":"index","follow":"follow","max-snippet":"max-snippet:-1","max-image-preview":"max-image-preview:large","max-video-preview":"max-video-preview:-1"},"canonical":"https:\/\/lavialacteabcn.com\/installations\/","og_locale":"fr_FR","og_type":"article","og_title":"Installations - TRAVESTIS BARCELONA - LA V\u00cdA L\u00c1CTEA","og_description":"Un espace con\u00e7u pour se d\u00e9connecter du stress et des probl\u00e8mes LA V\u00cdA L\u00c1CTEA est un espace con\u00e7u uniquement et exclusivement dans le but de vous offrir un","og_url":"https:\/\/lavialacteabcn.com\/installations\/","og_site_name":"TRAVESTIS BARCELONA - LA V\u00cdA L\u00c1CTEA","og_image":[{"url":"https:\/\/lavialacteabcn.com\/wp-content\/uploads\/2022\/10\/01-150x150.jpeg","type":"","width":"","height":""}],"twitter_card":"summary_large_image","twitter_misc":{"Dur\u00e9e de lecture estim\u00e9e":"1 minute"},"schema":{"@context":"https:\/\/schema.org","@graph":[{"@type":"WebPage","@id":"https:\/\/lavialacteabcn.com\/installations\/","url":"https:\/\/lavialacteabcn.com\/installations\/","name":"Installations - TRAVESTIS BARCELONA - LA V\u00cdA L\u00c1CTEA","isPartOf":{"@id":"https:\/\/lavialacteabcn.com\/#website"},"datePublished":"2024-09-23T04:46:57+00:00","description":"Un espace con\u00e7u pour se d\u00e9connecter du stress et des probl\u00e8mes LA V\u00cdA L\u00c1CTEA est un espace con\u00e7u uniquement et exclusivement dans le but de vous offrir un","breadcrumb":{"@id":"https:\/\/lavialacteabcn.com\/installations\/#breadcrumb"},"inLanguage":"fr-FR","potentialAction":[{"@type":"ReadAction","target":["https:\/\/lavialacteabcn.com\/installations\/"]}]},{"@type":"BreadcrumbList","@id":"https:\/\/lavialacteabcn.com\/installations\/#breadcrumb","itemListElement":[{"@type":"ListItem","position":1,"name":"Portada","item":"https:\/\/lavialacteabcn.com\/home-2\/"},{"@type":"ListItem","position":2,"name":"Installations"}]},{"@type":"WebSite","@id":"https:\/\/lavialacteabcn.com\/#website","url":"https:\/\/lavialacteabcn.com\/","name":"TRAVESTIS BARCELONA - LA V\u00cdA L\u00c1CTEA","description":"Exclusivo piso de masajistas trans en Barcelona","publisher":{"@id":"https:\/\/lavialacteabcn.com\/#organization"},"potentialAction":[{"@type":"SearchAction","target":{"@type":"EntryPoint","urlTemplate":"https:\/\/lavialacteabcn.com\/?s={search_term_string}"},"query-input":{"@type":"PropertyValueSpecification","valueRequired":true,"valueName":"search_term_string"}}],"inLanguage":"fr-FR"},{"@type":"Organization","@id":"https:\/\/lavialacteabcn.com\/#organization","name":"TRAVESTIS BARCELONA - LA V\u00cdA L\u00c1CTEA","url":"https:\/\/lavialacteabcn.com\/","logo":{"@type":"ImageObject","inLanguage":"fr-FR","@id":"https:\/\/lavialacteabcn.com\/#\/schema\/logo\/image\/","url":"https:\/\/lavialacteabcn.com\/wp-content\/uploads\/2024\/11\/lavialacteabcn-logo.png","contentUrl":"https:\/\/lavialacteabcn.com\/wp-content\/uploads\/2024\/11\/lavialacteabcn-logo.png","width":291,"height":58,"caption":"TRAVESTIS BARCELONA - LA V\u00cdA L\u00c1CTEA"},"image":{"@id":"https:\/\/lavialacteabcn.com\/#\/schema\/logo\/image\/"}}]}},"_links":{"self":[{"href":"https:\/\/lavialacteabcn.com\/fr\/wp-json\/wp\/v2\/pages\/4071","targetHints":{"allow":["GET"]}}],"collection":[{"href":"https:\/\/lavialacteabcn.com\/fr\/wp-json\/wp\/v2\/pages"}],"about":[{"href":"https:\/\/lavialacteabcn.com\/fr\/wp-json\/wp\/v2\/types\/page"}],"author":[{"embeddable":true,"href":"https:\/\/lavialacteabcn.com\/fr\/wp-json\/wp\/v2\/users\/4"}],"replies":[{"embeddable":true,"href":"https:\/\/lavialacteabcn.com\/fr\/wp-json\/wp\/v2\/comments?post=4071"}],"version-history":[{"count":0,"href":"https:\/\/lavialacteabcn.com\/fr\/wp-json\/wp\/v2\/pages\/4071\/revisions"}],"wp:attachment":[{"href":"https:\/\/lavialacteabcn.com\/fr\/wp-json\/wp\/v2\/media?parent=4071"}],"curies":[{"name":"wp","href":"https:\/\/api.w.org\/{rel}","templated":true}]}}