{"id":4096,"date":"2024-09-23T06:47:56","date_gmt":"2024-09-23T04:47:56","guid":{"rendered":"https:\/\/lavialacteabcn.com\/prestations-et-tarifs\/"},"modified":"2024-09-23T06:47:56","modified_gmt":"2024-09-23T04:47:56","slug":"prestations-et-tarifs","status":"publish","type":"page","link":"https:\/\/lavialacteabcn.com\/fr\/prestations-et-tarifs\/","title":{"rendered":"Prestations et tarifs"},"content":{"rendered":"<h2 style=\"text-align: center;\">\u00c0 LA V\u00cdA L\u00c1CTEA, les meilleurs massages sont effectu\u00e9s en compagnie des filles transsexuelles les meilleures et les plus impliqu\u00e9es.<\/h2>\n<p> LA V\u00cdA L\u00c1CTEA est un appartement spectaculaire, situ\u00e9 dans le centre de Barcelone, o\u00f9 vous trouverez les filles travesties les plus belles, compl\u00e8tes et impliqu\u00e9es, qui effectuent des massages fantastiques et merveilleux, d&rsquo;authentiques sp\u00e9cialistes pour toujours r\u00e9pondre aux attentes que vous avez cr\u00e9\u00e9es, non peu importe \u00e0 quel point ils sont exigeants. Nous proposons des services aussi bien dans nos installations que lors de d\u00e9placements dans des h\u00f4tels et des domiciles. Les tarifs dans nos installations sont :   <img loading=\"lazy\" decoding=\"async\" class=\"size-full wp-image-1722 aligncenter\" src=\"https:\/\/lavialacteabcn.com\/wp-content\/uploads\/2022\/10\/formas-de-pago.jpg\" alt=\"\" width=\"300\" height=\"68\"><\/p>\n<p style=\"text-align: center;\"><strong>Nous acceptons les paiements par carte et Bizum.<\/strong><\/p>\n<p> En raison de la situation actuelle provoqu\u00e9e par le virus COVID-19, nous avons pris les mesures de s\u00e9curit\u00e9 et d&rsquo;hygi\u00e8ne n\u00e9cessaires pour obtenir la s\u00e9curit\u00e9 maximale possible, en appliquant les recommandations g\u00e9n\u00e9rales de sant\u00e9. Nous avons pouss\u00e9 nos mesures de pr\u00e9vention et d&rsquo;hygi\u00e8ne \u00e0 l&rsquo;extr\u00eame pour prot\u00e9ger la sant\u00e9 des masseuses et de tous leurs clients. Ainsi, lorsque vous acc\u00e9derez \u00e0 nos installations, vous trouverez toutes les mesures n\u00e9cessaires pour profiter de tous les services en toute s\u00e9curit\u00e9. Nous disposons de produits d\u00e9sinfectants tr\u00e8s efficaces avec lesquels nous traitons toutes les installations, nous prenons les temp\u00e9ratures et bien s\u00fbr nos r\u00e9ceptionnistes vous assistent avec des masques et tout le protocole n\u00e9cessaire.  <\/p>\n","protected":false},"excerpt":{"rendered":"<p>\u00c0 LA V\u00cdA L\u00c1CTEA, les meilleurs massages sont effectu\u00e9s en compagnie des filles transsexuelles les meilleures et les plus impliqu\u00e9es. LA V\u00cdA L\u00c1CTEA est un appartement spectaculaire, situ\u00e9 dans le centre de Barcelone, o\u00f9 vous trouverez les filles travesties les plus belles, compl\u00e8tes et impliqu\u00e9es, qui effectuent des massages fantastiques et merveilleux, d&rsquo;authentiques sp\u00e9cialistes pour [&hellip;]<\/p>\n","protected":false},"author":4,"featured_media":0,"parent":0,"menu_order":0,"comment_status":"closed","ping_status":"closed","template":"","meta":{"_acf_changed":false,"footnotes":""},"class_list":["post-4096","page","type-page","status-publish","hentry"],"acf":[],"yoast_head":"<!-- This site is optimized with the Yoast SEO plugin v27.4 - https:\/\/yoast.com\/product\/yoast-seo-wordpress\/ -->\n<title>Prestations et tarifs - TRAVESTIS BARCELONA - LA V\u00cdA L\u00c1CTEA<\/title>\n<meta name=\"description\" content=\"\u00c0 LA V\u00cdA L\u00c1CTEA, les meilleurs massages sont effectu\u00e9s en compagnie des filles transsexuelles les meilleures et les plus impliqu\u00e9es. LA V\u00cdA L\u00c1CTEA est un\" \/>\n<meta name=\"robots\" content=\"index, follow, max-snippet:-1, max-image-preview:large, max-video-preview:-1\" \/>\n<link rel=\"canonical\" href=\"https:\/\/lavialacteabcn.com\/prestations-et-tarifs\/\" \/>\n<meta property=\"og:locale\" content=\"fr_FR\" \/>\n<meta property=\"og:type\" content=\"article\" \/>\n<meta property=\"og:title\" content=\"Prestations et tarifs - TRAVESTIS BARCELONA - LA V\u00cdA L\u00c1CTEA\" \/>\n<meta property=\"og:description\" content=\"\u00c0 LA V\u00cdA L\u00c1CTEA, les meilleurs massages sont effectu\u00e9s en compagnie des filles transsexuelles les meilleures et les plus impliqu\u00e9es. LA V\u00cdA L\u00c1CTEA est un\" \/>\n<meta property=\"og:url\" content=\"https:\/\/lavialacteabcn.com\/prestations-et-tarifs\/\" \/>\n<meta property=\"og:site_name\" content=\"TRAVESTIS BARCELONA - LA V\u00cdA L\u00c1CTEA\" \/>\n<meta property=\"og:image\" content=\"https:\/\/lavialacteabcn.com\/wp-content\/uploads\/2022\/10\/formas-de-pago.jpg\" \/>\n<meta name=\"twitter:card\" content=\"summary_large_image\" \/>\n<meta name=\"twitter:label1\" content=\"Dur\u00e9e de lecture estim\u00e9e\" \/>\n\t<meta name=\"twitter:data1\" content=\"1 minute\" \/>\n<script type=\"application\/ld+json\" class=\"yoast-schema-graph\">{\"@context\":\"https:\\\/\\\/schema.org\",\"@graph\":[{\"@type\":\"WebPage\",\"@id\":\"https:\\\/\\\/lavialacteabcn.com\\\/prestations-et-tarifs\\\/\",\"url\":\"https:\\\/\\\/lavialacteabcn.com\\\/prestations-et-tarifs\\\/\",\"name\":\"Prestations et tarifs - TRAVESTIS BARCELONA - LA V\u00cdA L\u00c1CTEA\",\"isPartOf\":{\"@id\":\"https:\\\/\\\/lavialacteabcn.com\\\/#website\"},\"primaryImageOfPage\":{\"@id\":\"https:\\\/\\\/lavialacteabcn.com\\\/prestations-et-tarifs\\\/#primaryimage\"},\"image\":{\"@id\":\"https:\\\/\\\/lavialacteabcn.com\\\/prestations-et-tarifs\\\/#primaryimage\"},\"thumbnailUrl\":\"https:\\\/\\\/lavialacteabcn.com\\\/wp-content\\\/uploads\\\/2022\\\/10\\\/formas-de-pago.jpg\",\"datePublished\":\"2024-09-23T04:47:56+00:00\",\"description\":\"\u00c0 LA V\u00cdA L\u00c1CTEA, les meilleurs massages sont effectu\u00e9s en compagnie des filles transsexuelles les meilleures et les plus impliqu\u00e9es. LA V\u00cdA L\u00c1CTEA est un\",\"breadcrumb\":{\"@id\":\"https:\\\/\\\/lavialacteabcn.com\\\/prestations-et-tarifs\\\/#breadcrumb\"},\"inLanguage\":\"fr-FR\",\"potentialAction\":[{\"@type\":\"ReadAction\",\"target\":[\"https:\\\/\\\/lavialacteabcn.com\\\/prestations-et-tarifs\\\/\"]}]},{\"@type\":\"ImageObject\",\"inLanguage\":\"fr-FR\",\"@id\":\"https:\\\/\\\/lavialacteabcn.com\\\/prestations-et-tarifs\\\/#primaryimage\",\"url\":\"https:\\\/\\\/lavialacteabcn.com\\\/wp-content\\\/uploads\\\/2022\\\/10\\\/formas-de-pago.jpg\",\"contentUrl\":\"https:\\\/\\\/lavialacteabcn.com\\\/wp-content\\\/uploads\\\/2022\\\/10\\\/formas-de-pago.jpg\"},{\"@type\":\"BreadcrumbList\",\"@id\":\"https:\\\/\\\/lavialacteabcn.com\\\/prestations-et-tarifs\\\/#breadcrumb\",\"itemListElement\":[{\"@type\":\"ListItem\",\"position\":1,\"name\":\"Portada\",\"item\":\"https:\\\/\\\/lavialacteabcn.com\\\/home-2\\\/\"},{\"@type\":\"ListItem\",\"position\":2,\"name\":\"Prestations et tarifs\"}]},{\"@type\":\"WebSite\",\"@id\":\"https:\\\/\\\/lavialacteabcn.com\\\/#website\",\"url\":\"https:\\\/\\\/lavialacteabcn.com\\\/\",\"name\":\"TRAVESTIS BARCELONA - LA V\u00cdA L\u00c1CTEA\",\"description\":\"Exclusivo piso de masajistas trans en Barcelona\",\"publisher\":{\"@id\":\"https:\\\/\\\/lavialacteabcn.com\\\/#organization\"},\"potentialAction\":[{\"@type\":\"SearchAction\",\"target\":{\"@type\":\"EntryPoint\",\"urlTemplate\":\"https:\\\/\\\/lavialacteabcn.com\\\/?s={search_term_string}\"},\"query-input\":{\"@type\":\"PropertyValueSpecification\",\"valueRequired\":true,\"valueName\":\"search_term_string\"}}],\"inLanguage\":\"fr-FR\"},{\"@type\":\"Organization\",\"@id\":\"https:\\\/\\\/lavialacteabcn.com\\\/#organization\",\"name\":\"TRAVESTIS BARCELONA - LA V\u00cdA L\u00c1CTEA\",\"url\":\"https:\\\/\\\/lavialacteabcn.com\\\/\",\"logo\":{\"@type\":\"ImageObject\",\"inLanguage\":\"fr-FR\",\"@id\":\"https:\\\/\\\/lavialacteabcn.com\\\/#\\\/schema\\\/logo\\\/image\\\/\",\"url\":\"https:\\\/\\\/lavialacteabcn.com\\\/wp-content\\\/uploads\\\/2024\\\/11\\\/lavialacteabcn-logo.png\",\"contentUrl\":\"https:\\\/\\\/lavialacteabcn.com\\\/wp-content\\\/uploads\\\/2024\\\/11\\\/lavialacteabcn-logo.png\",\"width\":291,\"height\":58,\"caption\":\"TRAVESTIS BARCELONA - LA V\u00cdA L\u00c1CTEA\"},\"image\":{\"@id\":\"https:\\\/\\\/lavialacteabcn.com\\\/#\\\/schema\\\/logo\\\/image\\\/\"}}]}<\/script>\n<!-- \/ Yoast SEO plugin. -->","yoast_head_json":{"title":"Prestations et tarifs - TRAVESTIS BARCELONA - LA V\u00cdA L\u00c1CTEA","description":"\u00c0 LA V\u00cdA L\u00c1CTEA, les meilleurs massages sont effectu\u00e9s en compagnie des filles transsexuelles les meilleures et les plus impliqu\u00e9es. LA V\u00cdA L\u00c1CTEA est un","robots":{"index":"index","follow":"follow","max-snippet":"max-snippet:-1","max-image-preview":"max-image-preview:large","max-video-preview":"max-video-preview:-1"},"canonical":"https:\/\/lavialacteabcn.com\/prestations-et-tarifs\/","og_locale":"fr_FR","og_type":"article","og_title":"Prestations et tarifs - TRAVESTIS BARCELONA - LA V\u00cdA L\u00c1CTEA","og_description":"\u00c0 LA V\u00cdA L\u00c1CTEA, les meilleurs massages sont effectu\u00e9s en compagnie des filles transsexuelles les meilleures et les plus impliqu\u00e9es. LA V\u00cdA L\u00c1CTEA est un","og_url":"https:\/\/lavialacteabcn.com\/prestations-et-tarifs\/","og_site_name":"TRAVESTIS BARCELONA - LA V\u00cdA L\u00c1CTEA","og_image":[{"url":"https:\/\/lavialacteabcn.com\/wp-content\/uploads\/2022\/10\/formas-de-pago.jpg","type":"","width":"","height":""}],"twitter_card":"summary_large_image","twitter_misc":{"Dur\u00e9e de lecture estim\u00e9e":"1 minute"},"schema":{"@context":"https:\/\/schema.org","@graph":[{"@type":"WebPage","@id":"https:\/\/lavialacteabcn.com\/prestations-et-tarifs\/","url":"https:\/\/lavialacteabcn.com\/prestations-et-tarifs\/","name":"Prestations et tarifs - TRAVESTIS BARCELONA - LA V\u00cdA L\u00c1CTEA","isPartOf":{"@id":"https:\/\/lavialacteabcn.com\/#website"},"primaryImageOfPage":{"@id":"https:\/\/lavialacteabcn.com\/prestations-et-tarifs\/#primaryimage"},"image":{"@id":"https:\/\/lavialacteabcn.com\/prestations-et-tarifs\/#primaryimage"},"thumbnailUrl":"https:\/\/lavialacteabcn.com\/wp-content\/uploads\/2022\/10\/formas-de-pago.jpg","datePublished":"2024-09-23T04:47:56+00:00","description":"\u00c0 LA V\u00cdA L\u00c1CTEA, les meilleurs massages sont effectu\u00e9s en compagnie des filles transsexuelles les meilleures et les plus impliqu\u00e9es. LA V\u00cdA L\u00c1CTEA est un","breadcrumb":{"@id":"https:\/\/lavialacteabcn.com\/prestations-et-tarifs\/#breadcrumb"},"inLanguage":"fr-FR","potentialAction":[{"@type":"ReadAction","target":["https:\/\/lavialacteabcn.com\/prestations-et-tarifs\/"]}]},{"@type":"ImageObject","inLanguage":"fr-FR","@id":"https:\/\/lavialacteabcn.com\/prestations-et-tarifs\/#primaryimage","url":"https:\/\/lavialacteabcn.com\/wp-content\/uploads\/2022\/10\/formas-de-pago.jpg","contentUrl":"https:\/\/lavialacteabcn.com\/wp-content\/uploads\/2022\/10\/formas-de-pago.jpg"},{"@type":"BreadcrumbList","@id":"https:\/\/lavialacteabcn.com\/prestations-et-tarifs\/#breadcrumb","itemListElement":[{"@type":"ListItem","position":1,"name":"Portada","item":"https:\/\/lavialacteabcn.com\/home-2\/"},{"@type":"ListItem","position":2,"name":"Prestations et tarifs"}]},{"@type":"WebSite","@id":"https:\/\/lavialacteabcn.com\/#website","url":"https:\/\/lavialacteabcn.com\/","name":"TRAVESTIS BARCELONA - LA V\u00cdA L\u00c1CTEA","description":"Exclusivo piso de masajistas trans en Barcelona","publisher":{"@id":"https:\/\/lavialacteabcn.com\/#organization"},"potentialAction":[{"@type":"SearchAction","target":{"@type":"EntryPoint","urlTemplate":"https:\/\/lavialacteabcn.com\/?s={search_term_string}"},"query-input":{"@type":"PropertyValueSpecification","valueRequired":true,"valueName":"search_term_string"}}],"inLanguage":"fr-FR"},{"@type":"Organization","@id":"https:\/\/lavialacteabcn.com\/#organization","name":"TRAVESTIS BARCELONA - LA V\u00cdA L\u00c1CTEA","url":"https:\/\/lavialacteabcn.com\/","logo":{"@type":"ImageObject","inLanguage":"fr-FR","@id":"https:\/\/lavialacteabcn.com\/#\/schema\/logo\/image\/","url":"https:\/\/lavialacteabcn.com\/wp-content\/uploads\/2024\/11\/lavialacteabcn-logo.png","contentUrl":"https:\/\/lavialacteabcn.com\/wp-content\/uploads\/2024\/11\/lavialacteabcn-logo.png","width":291,"height":58,"caption":"TRAVESTIS BARCELONA - LA V\u00cdA L\u00c1CTEA"},"image":{"@id":"https:\/\/lavialacteabcn.com\/#\/schema\/logo\/image\/"}}]}},"_links":{"self":[{"href":"https:\/\/lavialacteabcn.com\/fr\/wp-json\/wp\/v2\/pages\/4096","targetHints":{"allow":["GET"]}}],"collection":[{"href":"https:\/\/lavialacteabcn.com\/fr\/wp-json\/wp\/v2\/pages"}],"about":[{"href":"https:\/\/lavialacteabcn.com\/fr\/wp-json\/wp\/v2\/types\/page"}],"author":[{"embeddable":true,"href":"https:\/\/lavialacteabcn.com\/fr\/wp-json\/wp\/v2\/users\/4"}],"replies":[{"embeddable":true,"href":"https:\/\/lavialacteabcn.com\/fr\/wp-json\/wp\/v2\/comments?post=4096"}],"version-history":[{"count":0,"href":"https:\/\/lavialacteabcn.com\/fr\/wp-json\/wp\/v2\/pages\/4096\/revisions"}],"wp:attachment":[{"href":"https:\/\/lavialacteabcn.com\/fr\/wp-json\/wp\/v2\/media?parent=4096"}],"curies":[{"name":"wp","href":"https:\/\/api.w.org\/{rel}","templated":true}]}}