{"id":4099,"date":"2021-09-09T04:21:44","date_gmt":"2021-09-09T04:21:44","guid":{"rendered":"https:\/\/lavialacteabcn.com\/aviso-legal\/"},"modified":"2021-09-09T04:21:44","modified_gmt":"2021-09-09T04:21:44","slug":"aviso-legal","status":"publish","type":"page","link":"https:\/\/lavialacteabcn.com\/fr\/aviso-legal\/","title":{"rendered":"Aviso legal"},"content":{"rendered":"<p><strong> 1. En cumplimiento del art\u00edculo 10 de la Ley 34\/2002, de 11 de julio, de Servicios de la Sociedad de la Informaci\u00f3n y Comercio Electr\u00f3nico (en adelante LSSI), pasamos a indicar:<\/strong><\/p>\n<p>Titular de la p\u00e1gina web: THE MOST FORWARD POSITION S.L. (en adelante \u201cLA V\u00cdA L\u00c1CTEA\u201d)<br \/>\nDirecci\u00f3n: C\/ Consell de Cent , 185, \u00c1tico<br \/>\nCP: 08015 &#8211; Barcelona<br \/>\nCIF: B04962858<br \/>\nCorreo electr\u00f3nico: <a href=\"http:\/\/185.129.249.137:8880\/smb\/email-address\/edit\/id\/38\/domainId\/60\">lavialactea185@hotmail.com<\/a><\/p>\n<p><strong> 2. Propiedad intelectual y responsabilidad sobre los contenidos.<\/strong><\/p>\n<p>2.1. Queda prohibido cualquier uso de todos los contenidos de la p\u00e1gina web de LA V\u00cdA L\u00c1CTEA, concretamente sobre los textos, dise\u00f1o, fotograf\u00edas, obras, marcas, logotipos, c\u00f3digo fuente y cualquier otro susceptible de protecci\u00f3n, sin la autorizaci\u00f3n expresa de sus titulares, salvo la posibilidad de compartir contenidos cuando LA V\u00cdA L\u00c1CTEA as\u00ed lo autorice.<\/p>\n<p>Cualquier uso no permitido ser\u00e1 debidamente perseguido por los leg\u00edtimos propietarios. Igualmente, todos los nombres comerciales, marcas o signos distintivos de cualquier clase contenidos en la p\u00e1gina web de LA V\u00cdA L\u00c1CTEA est\u00e1n protegidos por la ley.<\/p>\n<p>2.2. LA V\u00cdA L\u00c1CTEA no se hace responsable de los contenidos a los que se dirigen los enlaces ubicados en la p\u00e1gina web, en su caso, seg\u00fan lo establecido en el art\u00edculo 17 de la LSSI.<\/p>\n<p>2.3. LA V\u00cdA L\u00c1CTEA no concede ning\u00fan tipo de licencia o autorizaci\u00f3n de uso personal al Usuario sobre sus derechos de propiedad intelectual e industrial o sobre cualquier otro derecho relacionado con la p\u00e1gina web titularidad de LA V\u00cdA L\u00c1CTEA y los servicios ofrecidos en la misma.<\/p>\n<p>Por ello, el Usuario reconoce que la reproducci\u00f3n, distribuci\u00f3n, comercializaci\u00f3n, transformaci\u00f3n, y en general, cualquier otra forma de explotaci\u00f3n, por cualquier procedimiento, de todo o parte de los contenidos de esta p\u00e1gina web constituye una infracci\u00f3n de los derechos de propiedad intelectual y \/o industrial de LA V\u00cdA L\u00c1CTEA o del titular de los mismos, pudiendo dar lugar al ejercicio por parte de LA V\u00cdA L\u00c1CTEA de todas las acciones judiciales o extrajudiciales que pudieran corresponder en ejercicio de sus derechos.<\/p>\n<p>Asimismo, la informaci\u00f3n a la que el cliente puede acceder a trav\u00e9s de la p\u00e1gina web de LA V\u00cdA L\u00c1CTEA, puede estar protegida por derechos de propiedad industrial, intelectual o de otra \u00edndole. En consecuencia LA V\u00cdA L\u00c1CTEA no ser\u00e1 responsable en ning\u00fan caso y bajo ning\u00fan concepto de las infracciones que pueda cometer el Usuario en relaci\u00f3n con estos derechos.<\/p>\n<p><strong> 3. Legislaci\u00f3n aplicable y jurisdicci\u00f3n competente.<\/strong><\/p>\n<p>La presente pol\u00edtica legal queda sujeta a lo establecido en las leyes espa\u00f1olas. Para cualquier conflicto derivado de la interpretaci\u00f3n de las mismas, las partes se someten a la jurisdicci\u00f3n de los Tribunales de la ciudad de Barcelona, \u200b\u200bsiempre que ello no sea contrario a lo dispuesto en el art\u00edculo 29 de la LSSI.<\/p>\n<p><strong> 4. Condiciones de uso.<\/strong><\/p>\n<p>El Usuario se compromete a utilizar la p\u00e1gina web, los contenidos y servicios de conformidad con la Ley, el presente Aviso Legal, las buenas costumbres y el orden p\u00fablico. Del mismo modo, el Usuario se obliga a no utilizar la p\u00e1gina web, sus contenidos o servicios que se presten a trav\u00e9s de \u00e9sta con fines o efectos il\u00edcitos, siendo contrarios a esta pol\u00edtica legal, o lesivos de intereses o derechos de terceros, o que de cualquier otra forma, pueda da\u00f1ar, inutilizar, hacer inaccesibles o deteriorar la p\u00e1gina web, sus contenidos o sus servicios o impedir un normal uso de la misma por parte de otros usuarios.<\/p>\n<p>Asimismo, el Usuario se compromete expresamente a no destruir, alterar, inutilizar o, de cualquier otra forma, da\u00f1ar los datos, programas o documentos electr\u00f3nicos que se encuentren en la p\u00e1gina web.<\/p>\n<p><strong> 5. Condiciones particulares.<\/strong><\/p>\n<p>Este Aviso Legal es de aplicaci\u00f3n para cualquier Usuario que acceda a la p\u00e1gina web titularidad de LA V\u00cdA L\u00c1CTEA.<\/p>\n<p>Los usuarios que entreguen sus datos personales para cualquiera de las funcionalidades de la p\u00e1gina web de LA V\u00cdA L\u00c1CTEA, deber\u00e1n aceptar la\u00a0<a href=\"https:\/\/lavialacteabcn.com\/fr\/?attachment_id=2423\">Pol\u00edtica de Privacidad<\/a>.<\/p>\n<p>&nbsp;<\/p>\n","protected":false},"excerpt":{"rendered":"<p>1. En cumplimiento del art\u00edculo 10 de la Ley 34\/2002, de 11 de julio, de Servicios de la Sociedad de la Informaci\u00f3n y Comercio Electr\u00f3nico (en adelante LSSI), pasamos a indicar: Titular de la p\u00e1gina web: THE MOST FORWARD POSITION S.L. (en adelante \u201cLA V\u00cdA L\u00c1CTEA\u201d) Direcci\u00f3n: C\/ Consell de Cent , 185, \u00c1tico CP: [&hellip;]<\/p>\n","protected":false},"author":4,"featured_media":0,"parent":0,"menu_order":0,"comment_status":"closed","ping_status":"closed","template":"","meta":{"_acf_changed":false,"footnotes":""},"class_list":["post-4099","page","type-page","status-publish","hentry"],"acf":[],"yoast_head":"<!-- This site is optimized with the Yoast SEO plugin v27.4 - https:\/\/yoast.com\/product\/yoast-seo-wordpress\/ -->\n<title>Aviso legal - TRAVESTIS BARCELONA - LA V\u00cdA L\u00c1CTEA<\/title>\n<meta name=\"description\" content=\"1. En cumplimiento del art\u00edculo 10 de la Ley 34\/2002, de 11 de julio, de Servicios de la Sociedad de la Informaci\u00f3n y Comercio Electr\u00f3nico (en adelante\" \/>\n<meta name=\"robots\" content=\"index, follow, max-snippet:-1, max-image-preview:large, max-video-preview:-1\" \/>\n<link rel=\"canonical\" href=\"https:\/\/lavialacteabcn.com\/fr\/aviso-legal\/\" \/>\n<meta property=\"og:locale\" content=\"fr_FR\" \/>\n<meta property=\"og:type\" content=\"article\" \/>\n<meta property=\"og:title\" content=\"Aviso legal - TRAVESTIS BARCELONA - LA V\u00cdA L\u00c1CTEA\" \/>\n<meta property=\"og:description\" content=\"1. En cumplimiento del art\u00edculo 10 de la Ley 34\/2002, de 11 de julio, de Servicios de la Sociedad de la Informaci\u00f3n y Comercio Electr\u00f3nico (en adelante\" \/>\n<meta property=\"og:url\" content=\"https:\/\/lavialacteabcn.com\/fr\/aviso-legal\/\" \/>\n<meta property=\"og:site_name\" content=\"TRAVESTIS BARCELONA - LA V\u00cdA L\u00c1CTEA\" \/>\n<meta name=\"twitter:card\" content=\"summary_large_image\" \/>\n<meta name=\"twitter:label1\" content=\"Dur\u00e9e de lecture estim\u00e9e\" \/>\n\t<meta name=\"twitter:data1\" content=\"4 minutes\" \/>\n<script type=\"application\/ld+json\" class=\"yoast-schema-graph\">{\"@context\":\"https:\\\/\\\/schema.org\",\"@graph\":[{\"@type\":\"WebPage\",\"@id\":\"https:\\\/\\\/lavialacteabcn.com\\\/fr\\\/aviso-legal\\\/\",\"url\":\"https:\\\/\\\/lavialacteabcn.com\\\/fr\\\/aviso-legal\\\/\",\"name\":\"Aviso legal - TRAVESTIS BARCELONA - LA V\u00cdA L\u00c1CTEA\",\"isPartOf\":{\"@id\":\"https:\\\/\\\/lavialacteabcn.com\\\/#website\"},\"datePublished\":\"2021-09-09T04:21:44+00:00\",\"description\":\"1. En cumplimiento del art\u00edculo 10 de la Ley 34\\\/2002, de 11 de julio, de Servicios de la Sociedad de la Informaci\u00f3n y Comercio Electr\u00f3nico (en adelante\",\"breadcrumb\":{\"@id\":\"https:\\\/\\\/lavialacteabcn.com\\\/fr\\\/aviso-legal\\\/#breadcrumb\"},\"inLanguage\":\"fr-FR\",\"potentialAction\":[{\"@type\":\"ReadAction\",\"target\":[\"https:\\\/\\\/lavialacteabcn.com\\\/fr\\\/aviso-legal\\\/\"]}]},{\"@type\":\"BreadcrumbList\",\"@id\":\"https:\\\/\\\/lavialacteabcn.com\\\/fr\\\/aviso-legal\\\/#breadcrumb\",\"itemListElement\":[{\"@type\":\"ListItem\",\"position\":1,\"name\":\"Portada\",\"item\":\"https:\\\/\\\/lavialacteabcn.com\\\/home-2\\\/\"},{\"@type\":\"ListItem\",\"position\":2,\"name\":\"Aviso legal\"}]},{\"@type\":\"WebSite\",\"@id\":\"https:\\\/\\\/lavialacteabcn.com\\\/#website\",\"url\":\"https:\\\/\\\/lavialacteabcn.com\\\/\",\"name\":\"TRAVESTIS BARCELONA - LA V\u00cdA L\u00c1CTEA\",\"description\":\"Exclusivo piso de masajistas trans en Barcelona\",\"publisher\":{\"@id\":\"https:\\\/\\\/lavialacteabcn.com\\\/#organization\"},\"potentialAction\":[{\"@type\":\"SearchAction\",\"target\":{\"@type\":\"EntryPoint\",\"urlTemplate\":\"https:\\\/\\\/lavialacteabcn.com\\\/?s={search_term_string}\"},\"query-input\":{\"@type\":\"PropertyValueSpecification\",\"valueRequired\":true,\"valueName\":\"search_term_string\"}}],\"inLanguage\":\"fr-FR\"},{\"@type\":\"Organization\",\"@id\":\"https:\\\/\\\/lavialacteabcn.com\\\/#organization\",\"name\":\"TRAVESTIS BARCELONA - LA V\u00cdA L\u00c1CTEA\",\"url\":\"https:\\\/\\\/lavialacteabcn.com\\\/\",\"logo\":{\"@type\":\"ImageObject\",\"inLanguage\":\"fr-FR\",\"@id\":\"https:\\\/\\\/lavialacteabcn.com\\\/#\\\/schema\\\/logo\\\/image\\\/\",\"url\":\"https:\\\/\\\/lavialacteabcn.com\\\/wp-content\\\/uploads\\\/2024\\\/11\\\/lavialacteabcn-logo.png\",\"contentUrl\":\"https:\\\/\\\/lavialacteabcn.com\\\/wp-content\\\/uploads\\\/2024\\\/11\\\/lavialacteabcn-logo.png\",\"width\":291,\"height\":58,\"caption\":\"TRAVESTIS BARCELONA - LA V\u00cdA L\u00c1CTEA\"},\"image\":{\"@id\":\"https:\\\/\\\/lavialacteabcn.com\\\/#\\\/schema\\\/logo\\\/image\\\/\"}}]}<\/script>\n<!-- \/ Yoast SEO plugin. -->","yoast_head_json":{"title":"Aviso legal - TRAVESTIS BARCELONA - LA V\u00cdA L\u00c1CTEA","description":"1. En cumplimiento del art\u00edculo 10 de la Ley 34\/2002, de 11 de julio, de Servicios de la Sociedad de la Informaci\u00f3n y Comercio Electr\u00f3nico (en adelante","robots":{"index":"index","follow":"follow","max-snippet":"max-snippet:-1","max-image-preview":"max-image-preview:large","max-video-preview":"max-video-preview:-1"},"canonical":"https:\/\/lavialacteabcn.com\/fr\/aviso-legal\/","og_locale":"fr_FR","og_type":"article","og_title":"Aviso legal - TRAVESTIS BARCELONA - LA V\u00cdA L\u00c1CTEA","og_description":"1. En cumplimiento del art\u00edculo 10 de la Ley 34\/2002, de 11 de julio, de Servicios de la Sociedad de la Informaci\u00f3n y Comercio Electr\u00f3nico (en adelante","og_url":"https:\/\/lavialacteabcn.com\/fr\/aviso-legal\/","og_site_name":"TRAVESTIS BARCELONA - LA V\u00cdA L\u00c1CTEA","twitter_card":"summary_large_image","twitter_misc":{"Dur\u00e9e de lecture estim\u00e9e":"4 minutes"},"schema":{"@context":"https:\/\/schema.org","@graph":[{"@type":"WebPage","@id":"https:\/\/lavialacteabcn.com\/fr\/aviso-legal\/","url":"https:\/\/lavialacteabcn.com\/fr\/aviso-legal\/","name":"Aviso legal - TRAVESTIS BARCELONA - LA V\u00cdA L\u00c1CTEA","isPartOf":{"@id":"https:\/\/lavialacteabcn.com\/#website"},"datePublished":"2021-09-09T04:21:44+00:00","description":"1. En cumplimiento del art\u00edculo 10 de la Ley 34\/2002, de 11 de julio, de Servicios de la Sociedad de la Informaci\u00f3n y Comercio Electr\u00f3nico (en adelante","breadcrumb":{"@id":"https:\/\/lavialacteabcn.com\/fr\/aviso-legal\/#breadcrumb"},"inLanguage":"fr-FR","potentialAction":[{"@type":"ReadAction","target":["https:\/\/lavialacteabcn.com\/fr\/aviso-legal\/"]}]},{"@type":"BreadcrumbList","@id":"https:\/\/lavialacteabcn.com\/fr\/aviso-legal\/#breadcrumb","itemListElement":[{"@type":"ListItem","position":1,"name":"Portada","item":"https:\/\/lavialacteabcn.com\/home-2\/"},{"@type":"ListItem","position":2,"name":"Aviso legal"}]},{"@type":"WebSite","@id":"https:\/\/lavialacteabcn.com\/#website","url":"https:\/\/lavialacteabcn.com\/","name":"TRAVESTIS BARCELONA - LA V\u00cdA L\u00c1CTEA","description":"Exclusivo piso de masajistas trans en Barcelona","publisher":{"@id":"https:\/\/lavialacteabcn.com\/#organization"},"potentialAction":[{"@type":"SearchAction","target":{"@type":"EntryPoint","urlTemplate":"https:\/\/lavialacteabcn.com\/?s={search_term_string}"},"query-input":{"@type":"PropertyValueSpecification","valueRequired":true,"valueName":"search_term_string"}}],"inLanguage":"fr-FR"},{"@type":"Organization","@id":"https:\/\/lavialacteabcn.com\/#organization","name":"TRAVESTIS BARCELONA - LA V\u00cdA L\u00c1CTEA","url":"https:\/\/lavialacteabcn.com\/","logo":{"@type":"ImageObject","inLanguage":"fr-FR","@id":"https:\/\/lavialacteabcn.com\/#\/schema\/logo\/image\/","url":"https:\/\/lavialacteabcn.com\/wp-content\/uploads\/2024\/11\/lavialacteabcn-logo.png","contentUrl":"https:\/\/lavialacteabcn.com\/wp-content\/uploads\/2024\/11\/lavialacteabcn-logo.png","width":291,"height":58,"caption":"TRAVESTIS BARCELONA - LA V\u00cdA L\u00c1CTEA"},"image":{"@id":"https:\/\/lavialacteabcn.com\/#\/schema\/logo\/image\/"}}]}},"_links":{"self":[{"href":"https:\/\/lavialacteabcn.com\/fr\/wp-json\/wp\/v2\/pages\/4099","targetHints":{"allow":["GET"]}}],"collection":[{"href":"https:\/\/lavialacteabcn.com\/fr\/wp-json\/wp\/v2\/pages"}],"about":[{"href":"https:\/\/lavialacteabcn.com\/fr\/wp-json\/wp\/v2\/types\/page"}],"author":[{"embeddable":true,"href":"https:\/\/lavialacteabcn.com\/fr\/wp-json\/wp\/v2\/users\/4"}],"replies":[{"embeddable":true,"href":"https:\/\/lavialacteabcn.com\/fr\/wp-json\/wp\/v2\/comments?post=4099"}],"version-history":[{"count":0,"href":"https:\/\/lavialacteabcn.com\/fr\/wp-json\/wp\/v2\/pages\/4099\/revisions"}],"wp:attachment":[{"href":"https:\/\/lavialacteabcn.com\/fr\/wp-json\/wp\/v2\/media?parent=4099"}],"curies":[{"name":"wp","href":"https:\/\/api.w.org\/{rel}","templated":true}]}}