{"id":4100,"date":"2021-09-09T04:22:03","date_gmt":"2021-09-09T04:22:03","guid":{"rendered":"https:\/\/lavialacteabcn.com\/politica-de-cookies\/"},"modified":"2021-09-09T04:22:03","modified_gmt":"2021-09-09T04:22:03","slug":"politica-de-cookies","status":"publish","type":"page","link":"https:\/\/lavialacteabcn.com\/fr\/politica-de-cookies\/","title":{"rendered":"Pol\u00edtica de cookies"},"content":{"rendered":"<p>Nuestra p\u00e1gina Web utiliza cookies propias y de terceros. Una cookie es un fichero que se descarga en su ordenador al acceder a determinadas p\u00e1ginas web, entre otras finalidades, asegurar el correcto funcionamiento de la p\u00e1gina, permitir al Usuario un acceso m\u00e1s r\u00e1pido a los servicios seleccionados, almacenar y recuperar informaci\u00f3n sobre los h\u00e1bitos de navegaci\u00f3n de un usuario o de su equipo e incluso, dependiendo de la informaci\u00f3n que contengan y de la forma en que utilice su equipo, se pueden utilizar para reconocer al usuario. Las cookies se asocian \u00fanicamente a un usuario an\u00f3nimo y su ordenador o dispositivo y no proporcionan referencias que permitan conocer sus datos personales, salvo permiso expreso de aqu\u00e9l.<\/p>\n<p>El usuario puede, en todo momento, aceptar o rechazar las cookies instaladas que no sean estrictamente necesarias para el correcto funcionamiento de la web y el acceso al Usuario a sus servicios, a trav\u00e9s del panel de ajuste de cookies proporcionado en nuestra web.<\/p>\n<p>Asimismo, podr\u00e1 configurar su navegador en todo momento sin que ello perjudique la posibilidad del Usuario de acceder a los contenidos. Sin embargo, le informamos de que el rechazo de las cookies puede disminuir el buen funcionamiento de la web.<\/p>\n<h3>COOKIES AFECTADAS PER LA NORMATIVA Y COOKIES EXENTAS<\/h3>\n<p>Seg\u00fan la directiva de la UE, las cookies que requieren el consentimiento informado por parte del usuario son las cookies de anal\u00edtica, las de publicidad y afiliaci\u00f3n, quedando exceptuadas las de car\u00e1cter t\u00e9cnico y las necesarias para el funcionamiento del sitio web o la prestaci\u00f3n de servicios expresamente demandados por el usuario.<\/p>\n<h3>TIPOS DE COOKIES<\/h3>\n<p>a) Seg\u00fan la entidad que las gestione, hay Cookies propias (aquellas que se env\u00edan al equipo terminal del usuario desde un equipo o dominio gestionado por el propio editor y desde el que se presta el servicio Solicitado por el usuario) y de terceros (las que se env\u00edan al equipo terminal del usuario desde un equipo o dominio que no es gestionado por el editor, sino por otra entidad que trata los datos obtenidos mediante las galletas).<\/p>\n<p>b) Seg\u00fan el tiempo que permanecen activas, existen las de sesi\u00f3n (dise\u00f1adas para recabar y almacenar datos mientras el usuario accede a una p\u00e1gina web) y las persistentes (en las que los datos se almacenan en el terminal y pueden ser accedidos y tratados durante un periodo definido por el responsable de la cookie -puede ir de unos minutos a varios a\u00f1os-).<\/p>\n<p>c) Seg\u00fan la finalidad para la que traten la informaci\u00f3n que recopilan, pueden ser:<\/p>\n<ul>\n<li><strong>Cookies t\u00e9cnicas<\/strong> (necesarias para el uso de la web y la prestaci\u00f3n del servicio contratado),<\/li>\n<li><strong>Cookies de personalizaci\u00f3n<\/strong> (que permiten al usuario acceder al servicio con caracter\u00edsticas predefinidas, como por ejemplo el idioma, tipo de navegador, configuraci\u00f3n regional, etc.)<\/li>\n<li><strong>Cookies de an\u00e1lisis<\/strong> (recogen informaci\u00f3n el uso que se realiza de la web),<\/li>\n<li><strong>Cookies publicitarias<\/strong> (recogen informaci\u00f3n sobre las preferencias y elecciones personales de los usuarios),<\/li>\n<li><strong>Cookies de afiliados<\/strong> (permiten realizar un seguimiento de las visitas procedentes de otras webs, con las que el sitio web establece un contrato de afiliaci\u00f3n).<\/li>\n<\/ul>\n<p>Su consentimiento se aplica a los siguientes dominios:\u00a0<strong>lavialacteabcn.com<\/strong><\/p>\n<p>Su estado actual: Solo usar cookies necesarias.<\/p>\n<p><a class=\"cli_settings_button\" tabindex=\"0\" role=\"button\" href=\"#\">Cambiar su consentimiento de cookies<\/a><\/p>\n<p><strong>Necesario: <\/strong>Las cookies necesarias ayudan a hacer una p\u00e1gina web utilizable activando funciones b\u00e1sicas como la navegaci\u00f3n en la p\u00e1gina y el acceso a \u00e1reas seguras de la p\u00e1gina web. La p\u00e1gina web no puede funcionar adecuadamente sin estas cookies.<\/p>\n<p><strong>Preferencias: <\/strong>Las cookies de preferencias permiten a la p\u00e1gina web recordar informaci\u00f3n que cambia la forma en que la p\u00e1gina se comporta o el aspecto que tiene, como su idioma preferido o la regi\u00f3n en la que usted se encuentra.<\/p>\n<p><strong>Estad\u00edstica: <\/strong>Las cookies estad\u00edsticas ayudan a los propietarios de p\u00e1ginas web a comprender c\u00f3mo interact\u00faan los visitantes con las p\u00e1ginas web reuniendo y proporcionando informaci\u00f3n de forma an\u00f3nima.<\/p>\n<p><strong>Marketing: <\/strong>Las cookies de marketing se utilizan para rastrear a los visitantes en las p\u00e1ginas web. La intenci\u00f3n es mostrar anuncios relevantes y atractivos para el usuario individual, y por lo tanto, m\u00e1s valiosos para los editores y terceros anunciantes.<\/p>\n<p><strong>No clasificados: <\/strong>Las cookies no clasificadas son cookies para las que todav\u00eda estamos en proceso de clasificar, junto con los proveedores de cookies individuales.<\/p>\n<h3>COOKIES SE USAN EN ESTA WEB:<\/h3>\n<table>\n<tbody>\n<tr>\n<td width=\"84\"><strong>Nombre<\/strong><\/td>\n<td width=\"144\"><strong>Tipo<\/strong><\/td>\n<td width=\"131\"><strong>Caducidad<\/strong><\/td>\n<td width=\"162\"><strong>Finalidad<\/strong><\/td>\n<\/tr>\n<tr>\n<td width=\"84\">_ga<\/td>\n<td width=\"144\">Anal\u00edtica<\/td>\n<td width=\"131\">2 a\u00f1os<\/td>\n<td width=\"162\">Esta cookie es instalada por Google Analytics. La cookie se utiliza para calcular los datos de visitantes, sesiones, campa\u00f1as y realizar un seguimiento del uso del sitio para el informe anal\u00edtico del sitio. Las cookies almacenan informaci\u00f3n de forma an\u00f3nima y asignan un n\u00famero generado aleatoriamente para identificar visitantes \u00fanicos.<\/td>\n<\/tr>\n<tr>\n<td width=\"84\">_gid<\/td>\n<td width=\"144\">Anal\u00edtica<\/td>\n<td width=\"131\">24 horas<\/td>\n<td width=\"162\">Esta cookie es instalada por Google Analytics. La cookie se utiliza para almacenar informaci\u00f3n sobre c\u00f3mo los visitantes usan un sitio web y ayuda a crear un informe anal\u00edtico de c\u00f3mo funciona el sitio web. Los datos recopilados, incluidos el n\u00famero de visitantes, la fuente de donde provienen y las p\u00e1ginas, aparecieron de forma an\u00f3nima.<\/td>\n<\/tr>\n<tr>\n<td width=\"84\">__atuvs,<br \/>\n__atuvc<\/td>\n<td width=\"144\">Terceros<\/td>\n<td width=\"131\">30 min.<\/td>\n<td width=\"162\">Esta cookie tiene una funcionalidad que permite a los visitantes compartir una p\u00e1gina a trav\u00e9s de Facebook, Twitter, correo electr\u00f3nico y otros medios.<\/td>\n<\/tr>\n<tr>\n<td width=\"84\">viewed_cookie_policy<\/td>\n<td width=\"144\">T\u00e9cnica<\/td>\n<td width=\"131\">11 meses<\/td>\n<td width=\"162\">Establecida por el Plugin GDPR Cookie Consent para almacenar si el usuario ha consentido o no al uso de cookies. No guarda ning\u00fan dato personal.<\/td>\n<\/tr>\n<tr>\n<td width=\"84\">cookielawinfo-checkbox-necessary<\/td>\n<td width=\"144\">T\u00e9cnica<\/td>\n<td width=\"131\">11 meses<\/td>\n<td width=\"162\">Establecida por el Plugin GDPR Cookie Consent. Se emplea para recordar el consentimiento del usuario de las cookies categorizadas como \u00ab\u00a0Necesarias\u00a0\u00bb.<\/td>\n<\/tr>\n<tr>\n<td width=\"84\">cookielawinfo-checkbox-non-necessary<\/td>\n<td width=\"144\">T\u00e9cnica<\/td>\n<td width=\"131\">11 meses<\/td>\n<td width=\"162\">Establecida por el Plugin GDPR Cookie Consent. Se emplea para recordar el consentimiento del usuario de las cookies categorizadas como \u00ab\u00a0No necesarias\u00a0\u00bb.<\/td>\n<\/tr>\n<tr>\n<td width=\"84\">cookielawinfo-checkbox-performance<\/td>\n<td width=\"144\">T\u00e9cnica<\/td>\n<td width=\"131\">11 meses<\/td>\n<td width=\"162\">Establecida por el Plugin GDPR Cookie Consent. Se emplea para recordar el consentimiento del usuario de las cookies categorizadas como \u00ab\u00a0Rendimiento\u00a0\u00bb.<\/td>\n<\/tr>\n<\/tbody>\n<\/table>\n<h3><\/h3>\n<h3>REVOCACI\u00d3N<\/h3>\n<p>En todo momento podr\u00e1 acceder a la configuraci\u00f3n de su navegador aceptando o rechazando todas las cookies, o bien seleccionar aqu\u00e9llas cuya instalaci\u00f3n admite y cu\u00e1les no, siguiendo uno de los siguientes procedimientos, que depende del navegador que utilice:<\/p>\n<ul>\n<li>Google Chrome (en el Men\u00fa Herramientas): Configuraci\u00f3n &gt; Mostrar opciones avanzadas &gt; Privacidad (Configuraci\u00f3n de contenido) &gt; Cookies: <a href=\"https:\/\/support.google.com\/chrome\/answer\/95647?co=GENIE.Platform=Desktopandhl=es\">https:\/\/support.google.com\/chrome\/answer\/95647?co=GENIE.Platform=Desktopandhl=es<\/a><\/li>\n<li>Microsoft Internet Explorer (en el Men\u00fa Herramientas): Opciones de Internet &gt; Privacidad &gt; Avanzada: <a href=\"https:\/\/support.microsoft.com\/es-es\/help\/17442\/windows-internet-explorer-delete-manage-cookies\">https:\/\/support.microsoft.com\/es-es\/help\/17442\/windows-internet-explorer-delete-manage-cookies<\/a><\/li>\n<li>Firefox: Opciones &gt; Privacidad &gt; Cookies: <a href=\"https:\/\/support.mozilla.org\/es\/kb\/habilitar-y-deshabilitar-cookies-sitios-web-rastrear-preferencias\">https:\/\/support.mozilla.org\/es\/kb\/habilitar-y-deshabilitar-cookies-sitios-web-rastrear-preferencias<\/a><\/li>\n<li>Safari, iPad y iPhone: Preferencias &gt; Privacidad: <a href=\"https:\/\/support.apple.com\/kb\/ph21411?locale=es_ES\">https:\/\/support.apple.com\/kb\/ph21411?locale=es_ES<\/a><\/li>\n<li>Opera: Configuraci\u00f3n &gt; Opciones &gt; Avanzado &gt; Cookies: <a href=\"http:\/\/help.opera.com\/Windows\/12.00\/es-ES\/cookies.html\">http:\/\/help.opera.com\/Windows\/12.00\/es-ES\/cookies.html<\/a><\/li>\n<\/ul>\n<p>Estos navegadores est\u00e1n sometidos a actualizaciones o modificaciones, por lo que no podemos garantizar que se ajusten completamente a la versi\u00f3n de su navegador.<\/p>\n<p>Tambi\u00e9n puede ser que utilice otro navegador no contemplado en estos enlaces como Konqueror, Arora, Flock, etc. Para evitar estos desajustes, puede acceder directamente desde las opciones de su navegador, generalmente en el men\u00fa de \u00ab\u00a0Opciones\u00a0\u00bb en la secci\u00f3n de \u00ab\u00a0Privacidad\u00a0\u00bb. (Por favor, consulte la ayuda de su navegador para m\u00e1s informaci\u00f3n).<\/p>\n<h3>DESACTIVACI\u00d3N\/ACTIVACI\u00d3N Y ELIMINACI\u00d3N DE COOKIES<\/h3>\n<p>Para restringir o bloquear las cookies, se hace a trav\u00e9s de la configuraci\u00f3n del navegador.<\/p>\n<p>Si no desea que los sitios web pongan ninguna cookie en su equipo, puede adaptar la configuraci\u00f3n del navegador de modo que se le notifique antes de que se coloque ninguna cookie. De igual modo, puede adaptar la configuraci\u00f3n de forma que el navegador rechace todas las cookies, o \u00fanicamente las cookies de terceros. Tambi\u00e9n puede eliminar cualquiera de las cookies que ya se encuentren en el equipo. Tenga en cuenta que tendr\u00e1 que adaptar por separado la configuraci\u00f3n de cada navegador y equipo que utilice.<\/p>\n<p>Tenga en cuenta que si no desea recibir cookies, ya no podremos garantizar que nuestro sitio web funcione debidamente. Puede que algunas funciones del sitio se pierdan y es posible que ya no pueda ver ciertos sitios web. Adem\u00e1s, rechazar las cookies no significa que ya no vaya a ver anuncios publicitarios. Simplemente los anuncios no se ajustar\u00e1n a sus intereses y se repetir\u00e1n con m\u00e1s frecuencia.<\/p>\n<p>Cada navegador posee un m\u00e9todo distinto para adaptar la configuraci\u00f3n. Si fuera necesario, consulte la funci\u00f3n de ayuda del navegador para establecer la configuraci\u00f3n correcta.<\/p>\n<p>Para desactivar las cookies en el tel\u00e9fono m\u00f3vil, consulte el manual del dispositivo para obtener m\u00e1s informaci\u00f3n.<\/p>\n<p>Puede obtener m\u00e1s informaci\u00f3n sobre las cookies en Internet, <a href=\"http:\/\/www.aboutcookies.org\/\">http:\/\/www.aboutcookies.org\/<\/a>.<\/p>\n<p>Teniendo en cuenta la forma en la que funciona Internet y los sitios web, no siempre contamos con informaci\u00f3n de las cookies que colocan terceras partes a trav\u00e9s de nuestro sitio web. Esto se aplica especialmente a casos en los que nuestra p\u00e1gina web contiene lo que se denominan elementos integrados: textos, documentos, im\u00e1genes o breves pel\u00edculas que se almacenan en otra parte, pero se muestran en nuestro sitio web o a trav\u00e9s del mismo.<\/p>\n<p>Por consiguiente, en caso de que se encuentre con este tipo de cookies en este sitio web y no est\u00e9n enumeradas en la lista anterior, le rogamos que nos lo comunique. O bien p\u00f3ngase en contacto directamente con el tercero para pedirle informaci\u00f3n sobre las cookies que coloca, la finalidad y la duraci\u00f3n de la cookie, y c\u00f3mo ha garantizado su privacidad.<\/p>\n<h3>INFORMACI\u00d3N RELACIONADA CON EL TRATAMIENTO DE DATOS PERSONALES (ART.13 RGPD)<\/h3>\n<p><a href=\"https:\/\/lavialacteabcn.com\/politica-de-privacidad\/\">https:\/\/lavialacteabcn.com\/politica-de-privacidad\/<\/a><\/p>\n","protected":false},"excerpt":{"rendered":"<p>Nuestra p\u00e1gina Web utiliza cookies propias y de terceros. Una cookie es un fichero que se descarga en su ordenador al acceder a determinadas p\u00e1ginas web, entre otras finalidades, asegurar el correcto funcionamiento de la p\u00e1gina, permitir al Usuario un acceso m\u00e1s r\u00e1pido a los servicios seleccionados, almacenar y recuperar informaci\u00f3n sobre los h\u00e1bitos de [&hellip;]<\/p>\n","protected":false},"author":4,"featured_media":0,"parent":0,"menu_order":0,"comment_status":"closed","ping_status":"closed","template":"","meta":{"_acf_changed":false,"footnotes":""},"class_list":["post-4100","page","type-page","status-publish","hentry"],"acf":[],"yoast_head":"<!-- This site is optimized with the Yoast SEO plugin v24.0 - https:\/\/yoast.com\/wordpress\/plugins\/seo\/ -->\n<title>Pol\u00edtica de cookies - TRAVESTIS BARCELONA - LA V\u00cdA L\u00c1CTEA<\/title>\n<meta name=\"description\" content=\"Nuestra p\u00e1gina Web utiliza cookies propias y de terceros. Una cookie es un fichero que se descarga en su ordenador al acceder a determinadas p\u00e1ginas web,\" \/>\n<meta name=\"robots\" content=\"index, follow, max-snippet:-1, max-image-preview:large, max-video-preview:-1\" \/>\n<link rel=\"canonical\" href=\"https:\/\/lavialacteabcn.com\/fr\/politica-de-cookies\/\" \/>\n<meta property=\"og:locale\" content=\"fr_FR\" \/>\n<meta property=\"og:type\" content=\"article\" \/>\n<meta property=\"og:title\" content=\"Pol\u00edtica de cookies - TRAVESTIS BARCELONA - LA V\u00cdA L\u00c1CTEA\" \/>\n<meta property=\"og:description\" content=\"Nuestra p\u00e1gina Web utiliza cookies propias y de terceros. Una cookie es un fichero que se descarga en su ordenador al acceder a determinadas p\u00e1ginas web,\" \/>\n<meta property=\"og:url\" content=\"https:\/\/lavialacteabcn.com\/fr\/politica-de-cookies\/\" \/>\n<meta property=\"og:site_name\" content=\"TRAVESTIS BARCELONA - LA V\u00cdA L\u00c1CTEA\" \/>\n<meta name=\"twitter:card\" content=\"summary_large_image\" \/>\n<meta name=\"twitter:label1\" content=\"Dur\u00e9e de lecture estim\u00e9e\" \/>\n\t<meta name=\"twitter:data1\" content=\"8 minutes\" \/>\n<script type=\"application\/ld+json\" class=\"yoast-schema-graph\">{\"@context\":\"https:\/\/schema.org\",\"@graph\":[{\"@type\":\"WebPage\",\"@id\":\"https:\/\/lavialacteabcn.com\/fr\/politica-de-cookies\/\",\"url\":\"https:\/\/lavialacteabcn.com\/fr\/politica-de-cookies\/\",\"name\":\"Pol\u00edtica de cookies - TRAVESTIS BARCELONA - LA V\u00cdA L\u00c1CTEA\",\"isPartOf\":{\"@id\":\"https:\/\/lavialacteabcn.com\/#website\"},\"datePublished\":\"2021-09-09T04:22:03+00:00\",\"dateModified\":\"2021-09-09T04:22:03+00:00\",\"description\":\"Nuestra p\u00e1gina Web utiliza cookies propias y de terceros. Una cookie es un fichero que se descarga en su ordenador al acceder a determinadas p\u00e1ginas web,\",\"breadcrumb\":{\"@id\":\"https:\/\/lavialacteabcn.com\/fr\/politica-de-cookies\/#breadcrumb\"},\"inLanguage\":\"fr-FR\",\"potentialAction\":[{\"@type\":\"ReadAction\",\"target\":[\"https:\/\/lavialacteabcn.com\/fr\/politica-de-cookies\/\"]}]},{\"@type\":\"BreadcrumbList\",\"@id\":\"https:\/\/lavialacteabcn.com\/fr\/politica-de-cookies\/#breadcrumb\",\"itemListElement\":[{\"@type\":\"ListItem\",\"position\":1,\"name\":\"Portada\",\"item\":\"https:\/\/lavialacteabcn.com\/home-2\/\"},{\"@type\":\"ListItem\",\"position\":2,\"name\":\"Pol\u00edtica de cookies\"}]},{\"@type\":\"WebSite\",\"@id\":\"https:\/\/lavialacteabcn.com\/#website\",\"url\":\"https:\/\/lavialacteabcn.com\/\",\"name\":\"TRAVESTIS BARCELONA - LA V\u00cdA L\u00c1CTEA\",\"description\":\"Exclusivo piso de masajistas trans en Barcelona\",\"publisher\":{\"@id\":\"https:\/\/lavialacteabcn.com\/#organization\"},\"potentialAction\":[{\"@type\":\"SearchAction\",\"target\":{\"@type\":\"EntryPoint\",\"urlTemplate\":\"https:\/\/lavialacteabcn.com\/?s={search_term_string}\"},\"query-input\":{\"@type\":\"PropertyValueSpecification\",\"valueRequired\":true,\"valueName\":\"search_term_string\"}}],\"inLanguage\":\"fr-FR\"},{\"@type\":\"Organization\",\"@id\":\"https:\/\/lavialacteabcn.com\/#organization\",\"name\":\"TRAVESTIS BARCELONA - LA V\u00cdA L\u00c1CTEA\",\"url\":\"https:\/\/lavialacteabcn.com\/\",\"logo\":{\"@type\":\"ImageObject\",\"inLanguage\":\"fr-FR\",\"@id\":\"https:\/\/lavialacteabcn.com\/#\/schema\/logo\/image\/\",\"url\":\"https:\/\/lavialacteabcn.com\/wp-content\/uploads\/2024\/11\/lavialacteabcn-logo.png\",\"contentUrl\":\"https:\/\/lavialacteabcn.com\/wp-content\/uploads\/2024\/11\/lavialacteabcn-logo.png\",\"width\":291,\"height\":58,\"caption\":\"TRAVESTIS BARCELONA - LA V\u00cdA L\u00c1CTEA\"},\"image\":{\"@id\":\"https:\/\/lavialacteabcn.com\/#\/schema\/logo\/image\/\"}}]}<\/script>\n<!-- \/ Yoast SEO plugin. -->","yoast_head_json":{"title":"Pol\u00edtica de cookies - TRAVESTIS BARCELONA - LA V\u00cdA L\u00c1CTEA","description":"Nuestra p\u00e1gina Web utiliza cookies propias y de terceros. Una cookie es un fichero que se descarga en su ordenador al acceder a determinadas p\u00e1ginas web,","robots":{"index":"index","follow":"follow","max-snippet":"max-snippet:-1","max-image-preview":"max-image-preview:large","max-video-preview":"max-video-preview:-1"},"canonical":"https:\/\/lavialacteabcn.com\/fr\/politica-de-cookies\/","og_locale":"fr_FR","og_type":"article","og_title":"Pol\u00edtica de cookies - TRAVESTIS BARCELONA - LA V\u00cdA L\u00c1CTEA","og_description":"Nuestra p\u00e1gina Web utiliza cookies propias y de terceros. Una cookie es un fichero que se descarga en su ordenador al acceder a determinadas p\u00e1ginas web,","og_url":"https:\/\/lavialacteabcn.com\/fr\/politica-de-cookies\/","og_site_name":"TRAVESTIS BARCELONA - LA V\u00cdA L\u00c1CTEA","twitter_card":"summary_large_image","twitter_misc":{"Dur\u00e9e de lecture estim\u00e9e":"8 minutes"},"schema":{"@context":"https:\/\/schema.org","@graph":[{"@type":"WebPage","@id":"https:\/\/lavialacteabcn.com\/fr\/politica-de-cookies\/","url":"https:\/\/lavialacteabcn.com\/fr\/politica-de-cookies\/","name":"Pol\u00edtica de cookies - TRAVESTIS BARCELONA - LA V\u00cdA L\u00c1CTEA","isPartOf":{"@id":"https:\/\/lavialacteabcn.com\/#website"},"datePublished":"2021-09-09T04:22:03+00:00","dateModified":"2021-09-09T04:22:03+00:00","description":"Nuestra p\u00e1gina Web utiliza cookies propias y de terceros. Una cookie es un fichero que se descarga en su ordenador al acceder a determinadas p\u00e1ginas web,","breadcrumb":{"@id":"https:\/\/lavialacteabcn.com\/fr\/politica-de-cookies\/#breadcrumb"},"inLanguage":"fr-FR","potentialAction":[{"@type":"ReadAction","target":["https:\/\/lavialacteabcn.com\/fr\/politica-de-cookies\/"]}]},{"@type":"BreadcrumbList","@id":"https:\/\/lavialacteabcn.com\/fr\/politica-de-cookies\/#breadcrumb","itemListElement":[{"@type":"ListItem","position":1,"name":"Portada","item":"https:\/\/lavialacteabcn.com\/home-2\/"},{"@type":"ListItem","position":2,"name":"Pol\u00edtica de cookies"}]},{"@type":"WebSite","@id":"https:\/\/lavialacteabcn.com\/#website","url":"https:\/\/lavialacteabcn.com\/","name":"TRAVESTIS BARCELONA - LA V\u00cdA L\u00c1CTEA","description":"Exclusivo piso de masajistas trans en Barcelona","publisher":{"@id":"https:\/\/lavialacteabcn.com\/#organization"},"potentialAction":[{"@type":"SearchAction","target":{"@type":"EntryPoint","urlTemplate":"https:\/\/lavialacteabcn.com\/?s={search_term_string}"},"query-input":{"@type":"PropertyValueSpecification","valueRequired":true,"valueName":"search_term_string"}}],"inLanguage":"fr-FR"},{"@type":"Organization","@id":"https:\/\/lavialacteabcn.com\/#organization","name":"TRAVESTIS BARCELONA - LA V\u00cdA L\u00c1CTEA","url":"https:\/\/lavialacteabcn.com\/","logo":{"@type":"ImageObject","inLanguage":"fr-FR","@id":"https:\/\/lavialacteabcn.com\/#\/schema\/logo\/image\/","url":"https:\/\/lavialacteabcn.com\/wp-content\/uploads\/2024\/11\/lavialacteabcn-logo.png","contentUrl":"https:\/\/lavialacteabcn.com\/wp-content\/uploads\/2024\/11\/lavialacteabcn-logo.png","width":291,"height":58,"caption":"TRAVESTIS BARCELONA - LA V\u00cdA L\u00c1CTEA"},"image":{"@id":"https:\/\/lavialacteabcn.com\/#\/schema\/logo\/image\/"}}]}},"_links":{"self":[{"href":"https:\/\/lavialacteabcn.com\/fr\/wp-json\/wp\/v2\/pages\/4100","targetHints":{"allow":["GET"]}}],"collection":[{"href":"https:\/\/lavialacteabcn.com\/fr\/wp-json\/wp\/v2\/pages"}],"about":[{"href":"https:\/\/lavialacteabcn.com\/fr\/wp-json\/wp\/v2\/types\/page"}],"author":[{"embeddable":true,"href":"https:\/\/lavialacteabcn.com\/fr\/wp-json\/wp\/v2\/users\/4"}],"replies":[{"embeddable":true,"href":"https:\/\/lavialacteabcn.com\/fr\/wp-json\/wp\/v2\/comments?post=4100"}],"version-history":[{"count":0,"href":"https:\/\/lavialacteabcn.com\/fr\/wp-json\/wp\/v2\/pages\/4100\/revisions"}],"wp:attachment":[{"href":"https:\/\/lavialacteabcn.com\/fr\/wp-json\/wp\/v2\/media?parent=4100"}],"curies":[{"name":"wp","href":"https:\/\/api.w.org\/{rel}","templated":true}]}}